{"id":19888,"date":"2024-04-06T15:49:34","date_gmt":"2024-04-06T13:49:34","guid":{"rendered":"https:\/\/alfamedicalteam.com\/karriere\/kaufmaennischer-assistent\/"},"modified":"2025-09-26T09:03:45","modified_gmt":"2025-09-26T07:03:45","slug":"kaufmaennischer-assistent","status":"publish","type":"page","link":"https:\/\/alfamedicalteam.com\/de\/karriere\/kaufmaennischer-assistent\/","title":{"rendered":"Kaufm\u00e4nnischer Assistent"},"content":{"rendered":"<p><strong>Gehaltsbedingungen:<\/strong> ab 900 EUR brutto und mehr, je nach Erfahrung des Bewerbers<\/p>\n<p>&nbsp;<\/p>\n<p><strong>Arbeitsort:<\/strong> Trnava<\/p>\n<p>&nbsp;<\/p>\n<p><strong>Stellenbeschreibung:<\/strong><\/p>\n<ul>\n<li>Administrative T\u00e4tigkeit<\/li>\n<li>Bearbeitung von Dokumenten f\u00fcr die Rechnungsstellung und Buchhaltung<\/li>\n<li>Mail- und Telefonkommunikation mit Kunden<\/li>\n<li>Vorbereitung von Marketingmaterialien<\/li>\n<\/ul>\n<p>&nbsp;<\/p>\n<p><strong>Alfa Medical Team bietet Ihnen die folgenden Vorteile und Leistungen<\/strong><\/p>\n<ul>\n<li>Ausbildung, Gelegenheit zur pers\u00f6nlichen und beruflichen Weiterentwicklung<\/li>\n<li>Indexierung der L\u00f6hne<\/li>\n<li>Leistungen je nach Dauer der Betriebszugeh\u00f6rigkeit<\/li>\n<li>Teambuilding-Aktivit\u00e4ten in der Slowakei und im Ausland<\/li>\n<li>Mitarbeiterpreise, Vitaminpakete, ganzj\u00e4hriger Trinkplan<\/li>\n<\/ul>\n<p>&nbsp;<\/p>\n<p><strong>Die Stelle ist geeignet f\u00fcr Kandidaten mit einer Ausbildung<\/strong><\/p>\n<ul>\n<li>Sekund\u00e4re Berufsausbildung<\/li>\n<li>Sekundarschulabschluss mit Highschool-Diplom<\/li>\n<li>Die Stelle ist auch f\u00fcr einen Hochschulabsolventen geeignet<\/li>\n<\/ul>\n<p>&nbsp;<\/p>\n<p><strong>Andere Kenntnisse<\/strong><\/p>\n<ul>\n<li>Arbeiten mit PC &#8211; Microsoft Outlook, Excel, Word, PowerPoint<\/li>\n<li>B-F\u00fchrerschein von Vorteil<\/li>\n<li>Aktive englische Sprache von Vorteil<\/li>\n<\/ul>\n<p>&nbsp;<\/p>\n<p><strong>Pers\u00f6nliche Qualifikationen und F\u00e4higkeiten<\/strong><\/p>\n<ul>\n<li>Unabh\u00e4ngigkeit und Verantwortung<\/li>\n<li>Flexibilit\u00e4t, F\u00e4higkeit zu analytischem Denken<\/li>\n<li>Ein proaktiver Ansatz f\u00fcr die Arbeit<\/li>\n<li>Professionelles Auftreten<\/li>\n<\/ul>\n<p>&nbsp;<\/p>\n<p><strong>Kurze Charakteristik des Unternehmens<\/strong><\/p>\n<p>Alfa Medical Team ist seit 2013 auf dem slowakischen Markt t\u00e4tig und ein f\u00fchrendes Unternehmen im Bereich Outsourcing in der Pharmaindustrie. Sie vertritt haupts\u00e4chlich ausl\u00e4ndische Hersteller und Importeure von Arzneimitteln, Nahrungserg\u00e4nzungsmitteln, medizinischen Ger\u00e4ten und Materialien und bietet ihnen einen umfassenden Service f\u00fcr ihre Etablierung auf dem Markt und den Verkauf ihrer Produkte. Er ist au\u00dferdem Mitglied der tschechischen und slowakischen Vereinigung f\u00fcr Spezialnahrungsmittel. F\u00fcr weitere Informationen besuchen Sie: www.alfamedicalteam.sk<\/p>\n<p>&nbsp;<\/p>\n<p><strong>Kontakt<\/strong><\/p>\n<p>Wenn Sie an der Stelle interessiert sind, senden Sie bitte Ihren Lebenslauf an<a href=\"mailto:info@alfamedicalteam.com\" target=\"_blank\" rel=\"noopener\"><br \/>\n  <strong> info@alfamedicalteam.com<\/strong><br \/>\n<\/a><\/p>\n","protected":false},"excerpt":{"rendered":"<p>Gehaltsbedingungen: ab 900 EUR brutto und mehr, je nach Erfahrung des Bewerbers &nbsp; Arbeitsort: Trnava &nbsp; Stellenbeschreibung: Administrative T\u00e4tigkeit Bearbeitung von Dokumenten f\u00fcr die Rechnungsstellung und Buchhaltung Mail- und Telefonkommunikation mit Kunden Vorbereitung von Marketingmaterialien &nbsp; Alfa Medical Team bietet Ihnen die folgenden Vorteile und Leistungen Ausbildung, Gelegenheit zur pers\u00f6nlichen und beruflichen Weiterentwicklung Indexierung der [&hellip;]<\/p>\n","protected":false},"author":1,"featured_media":0,"parent":19629,"menu_order":0,"comment_status":"closed","ping_status":"closed","template":"","meta":{"footnotes":""},"class_list":["post-19888","page","type-page","status-publish","hentry"],"_links":{"self":[{"href":"https:\/\/alfamedicalteam.com\/de\/wp-json\/wp\/v2\/pages\/19888","targetHints":{"allow":["GET"]}}],"collection":[{"href":"https:\/\/alfamedicalteam.com\/de\/wp-json\/wp\/v2\/pages"}],"about":[{"href":"https:\/\/alfamedicalteam.com\/de\/wp-json\/wp\/v2\/types\/page"}],"author":[{"embeddable":true,"href":"https:\/\/alfamedicalteam.com\/de\/wp-json\/wp\/v2\/users\/1"}],"replies":[{"embeddable":true,"href":"https:\/\/alfamedicalteam.com\/de\/wp-json\/wp\/v2\/comments?post=19888"}],"version-history":[{"count":0,"href":"https:\/\/alfamedicalteam.com\/de\/wp-json\/wp\/v2\/pages\/19888\/revisions"}],"up":[{"embeddable":true,"href":"https:\/\/alfamedicalteam.com\/de\/wp-json\/wp\/v2\/pages\/19629"}],"wp:attachment":[{"href":"https:\/\/alfamedicalteam.com\/de\/wp-json\/wp\/v2\/media?parent=19888"}],"curies":[{"name":"wp","href":"https:\/\/api.w.org\/{rel}","templated":true}]}}