{"id":19863,"date":"2024-04-06T17:08:21","date_gmt":"2024-04-06T15:08:21","guid":{"rendered":"https:\/\/alfamedicalteam.com\/werkstatt-2024\/"},"modified":"2024-05-27T13:14:26","modified_gmt":"2024-05-27T11:14:26","slug":"werkstatt-2024","status":"publish","type":"page","link":"https:\/\/alfamedicalteam.com\/de\/alfa-medical-team\/werkstatt-2024\/","title":{"rendered":"Werkstatt 2024"},"content":{"rendered":"\t\t<div data-elementor-type=\"wp-page\" data-elementor-id=\"19863\" class=\"elementor elementor-19863 elementor-16965\" data-elementor-post-type=\"page\">\n\t\t\t\t<div class=\"elementor-element elementor-element-f85e74e e-flex e-con-boxed e-con e-parent\" data-id=\"f85e74e\" data-element_type=\"container\" data-e-type=\"container\">\n\t\t\t\t\t<div class=\"e-con-inner\">\n\t\t<div class=\"elementor-element elementor-element-57b80b0 e-con-full e-flex e-con e-child\" data-id=\"57b80b0\" data-element_type=\"container\" data-e-type=\"container\">\n\t\t\t\t<div class=\"elementor-element elementor-element-948cee7 elementor-widget elementor-widget-shortcode\" data-id=\"948cee7\" data-element_type=\"widget\" data-e-type=\"widget\" data-widget_type=\"shortcode.default\">\n\t\t\t\t<div class=\"elementor-widget-container\">\n\t\t\t\t\t\t\t<div class=\"elementor-shortcode\"><nav aria-label=\"breadcrumbs\" class=\"rank-math-breadcrumb\"><p><span class=\"last\">Startseite<\/span><\/p><\/nav><\/div>\n\t\t\t\t\t\t<\/div>\n\t\t\t\t<\/div>\n\t\t\t\t<div class=\"elementor-element elementor-element-984624b elementor-widget elementor-widget-heading\" data-id=\"984624b\" data-element_type=\"widget\" data-e-type=\"widget\" data-widget_type=\"heading.default\">\n\t\t\t\t<div class=\"elementor-widget-container\">\n\t\t\t\t\t<h1 class=\"elementor-heading-title elementor-size-default\">Werkstatt 2024<\/h1>\t\t\t\t<\/div>\n\t\t\t\t<\/div>\n\t\t\t\t<\/div>\n\t\t\t\t\t<\/div>\n\t\t\t\t<\/div>\n\t\t<div class=\"elementor-element elementor-element-39b249b e-flex e-con-boxed e-con e-parent\" data-id=\"39b249b\" data-element_type=\"container\" data-e-type=\"container\">\n\t\t\t\t\t<div class=\"e-con-inner\">\n\t\t<div class=\"elementor-element elementor-element-ab6fbdb e-flex e-con-boxed e-con e-child\" data-id=\"ab6fbdb\" data-element_type=\"container\" data-e-type=\"container\">\n\t\t\t\t\t<div class=\"e-con-inner\">\n\t\t\t\t<div class=\"elementor-element elementor-element-635cb2a elementor-widget elementor-widget-image\" data-id=\"635cb2a\" data-element_type=\"widget\" data-e-type=\"widget\" data-widget_type=\"image.default\">\n\t\t\t\t<div class=\"elementor-widget-container\">\n\t\t\t\t\t\t\t\t\t\t\t\t\t\t\t<img fetchpriority=\"high\" decoding=\"async\" width=\"800\" height=\"320\" src=\"https:\/\/alfamedicalteam.com\/wp-content\/uploads\/2024\/05\/CSASP_seminar_Banner_240604_Online_v1_1100x440-1024x410.jpg\" class=\"attachment-large size-large wp-image-20118\" alt=\"\" srcset=\"https:\/\/alfamedicalteam.com\/wp-content\/uploads\/2024\/05\/CSASP_seminar_Banner_240604_Online_v1_1100x440-1024x410.jpg 1024w, https:\/\/alfamedicalteam.com\/wp-content\/uploads\/2024\/05\/CSASP_seminar_Banner_240604_Online_v1_1100x440-300x120.jpg 300w, https:\/\/alfamedicalteam.com\/wp-content\/uploads\/2024\/05\/CSASP_seminar_Banner_240604_Online_v1_1100x440-768x307.jpg 768w, https:\/\/alfamedicalteam.com\/wp-content\/uploads\/2024\/05\/CSASP_seminar_Banner_240604_Online_v1_1100x440.jpg 1100w\" sizes=\"(max-width: 800px) 100vw, 800px\" \/>\t\t\t\t\t\t\t\t\t\t\t\t\t\t\t<\/div>\n\t\t\t\t<\/div>\n\t\t\t\t<div class=\"elementor-element elementor-element-c352f9b elementor-widget elementor-widget-button\" data-id=\"c352f9b\" data-element_type=\"widget\" data-e-type=\"widget\" data-widget_type=\"button.default\">\n\t\t\t\t<div class=\"elementor-widget-container\">\n\t\t\t\t\t\t\t\t\t<div class=\"elementor-button-wrapper\">\n\t\t\t\t\t<a class=\"elementor-button elementor-button-link elementor-size-sm\" href=\"\/wp-content\/uploads\/2024\/04\/CSASP_seminar_240604_v2.pdf\" target=\"_blank\">\n\t\t\t\t\t\t<span class=\"elementor-button-content-wrapper\">\n\t\t\t\t\t\t\t\t\t<span class=\"elementor-button-text\">Workshop-Programm<\/span>\n\t\t\t\t\t<\/span>\n\t\t\t\t\t<\/a>\n\t\t\t\t<\/div>\n\t\t\t\t\t\t\t\t<\/div>\n\t\t\t\t<\/div>\n\t\t\t\t<div class=\"elementor-element elementor-element-3be1b5b elementor-widget elementor-widget-wpforms\" data-id=\"3be1b5b\" data-element_type=\"widget\" data-e-type=\"widget\" data-widget_type=\"wpforms.default\">\n\t\t\t\t<div class=\"elementor-widget-container\">\n\t\t\t\t\t<div class=\"wpforms-container wpforms-container-full\" id=\"wpforms-17958\"><form id=\"wpforms-form-17958\" class=\"wpforms-validate wpforms-form wpforms-ajax-form\" data-formid=\"17958\" method=\"post\" enctype=\"multipart\/form-data\" action=\"\/de\/wp-json\/wp\/v2\/pages\/19863\" data-token=\"86d657067bd1d4ba08ff690686ea0104\"><noscript class=\"wpforms-error-noscript\">Bitte aktiviere JavaScript in deinem Browser, um dieses Formular fertigzustellen.<\/noscript><div class=\"wpforms-field-container\"><div id=\"wpforms-17958-field_21-container\" class=\"wpforms-field wpforms-field-html\" data-field-id=\"21\"><div id=\"wpforms-17958-field_21\"><br> <h3 style=\"color:var(--e-global-color-primary)\"><b>Anmeldeformular<\/b><\/h3><\/div><\/div><div id=\"wpforms-17958-field_1-container\" class=\"wpforms-field wpforms-field-text\" data-field-id=\"1\"><label class=\"wpforms-field-label\" for=\"wpforms-17958-field_1\">Titel<\/label><input type=\"text\" id=\"wpforms-17958-field_1\" class=\"wpforms-field-large\" name=\"wpforms[fields][1]\" ><\/div><div id=\"wpforms-17958-field_2-container\" class=\"wpforms-field wpforms-field-text\" data-field-id=\"2\"><label class=\"wpforms-field-label\" for=\"wpforms-17958-field_2\">Name und Nachname <span class=\"wpforms-required-label\">*<\/span><\/label><input type=\"text\" id=\"wpforms-17958-field_2\" class=\"wpforms-field-large wpforms-field-required\" name=\"wpforms[fields][2]\" required><\/div><div id=\"wpforms-17958-field_19-container\" class=\"wpforms-field wpforms-field-phone\" data-field-id=\"19\"><label class=\"wpforms-field-label\" for=\"wpforms-17958-field_19\">Telefonkontakt <span class=\"wpforms-required-label\">*<\/span><\/label><input type=\"tel\" id=\"wpforms-17958-field_19\" class=\"wpforms-field-large wpforms-field-required wpforms-smart-phone-field\" data-rule-smart-phone-field=\"true\" name=\"wpforms[fields][19]\" required><\/div><div id=\"wpforms-17958-field_4-container\" class=\"wpforms-field wpforms-field-email\" data-field-id=\"4\"><label class=\"wpforms-field-label\" for=\"wpforms-17958-field_4\">Email <span class=\"wpforms-required-label\">*<\/span><\/label><input type=\"email\" id=\"wpforms-17958-field_4\" class=\"wpforms-field-large wpforms-field-required\" name=\"wpforms[fields][4]\" required><\/div><div id=\"wpforms-17958-field_5-container\" class=\"wpforms-field wpforms-field-text\" data-field-id=\"5\"><label class=\"wpforms-field-label\" for=\"wpforms-17958-field_5\">Vor- und Nachname des zweiten Teilnehmers (Anmeldegeb\u00fchr gilt f\u00fcr 1 Person)<\/label><input type=\"text\" id=\"wpforms-17958-field_5\" class=\"wpforms-field-large\" name=\"wpforms[fields][5]\" ><\/div><div id=\"wpforms-17958-field_6-container\" class=\"wpforms-field wpforms-field-email\" data-field-id=\"6\"><label class=\"wpforms-field-label\" for=\"wpforms-17958-field_6\">E-Mail des zweiten Teilnehmers<\/label><input type=\"email\" id=\"wpforms-17958-field_6\" class=\"wpforms-field-large\" name=\"wpforms[fields][6]\" ><\/div><div id=\"wpforms-17958-field_7-container\" class=\"wpforms-field wpforms-field-text\" data-field-id=\"7\"><label class=\"wpforms-field-label\" for=\"wpforms-17958-field_7\">Vor- und Nachname des dritten Teilnehmers (Anmeldegeb\u00fchr gilt f\u00fcr 1 Person)<\/label><input type=\"text\" id=\"wpforms-17958-field_7\" class=\"wpforms-field-large\" name=\"wpforms[fields][7]\" ><\/div><div id=\"wpforms-17958-field_8-container\" class=\"wpforms-field wpforms-field-email\" data-field-id=\"8\"><label class=\"wpforms-field-label\" for=\"wpforms-17958-field_8\">E-Mail des dritten Teilnehmers<\/label><input type=\"email\" id=\"wpforms-17958-field_8\" class=\"wpforms-field-large\" name=\"wpforms[fields][8]\" ><\/div><div id=\"wpforms-17958-field_20-container\" class=\"wpforms-field wpforms-field-html\" data-field-id=\"20\"><div id=\"wpforms-17958-field_20\"><br> <h3 style=\"color:var(--e-global-color-primary)\"><b>Abrechnungsdaten<\/b><\/h3><\/div><\/div><div id=\"wpforms-17958-field_9-container\" class=\"wpforms-field wpforms-field-text\" data-field-id=\"9\"><label class=\"wpforms-field-label\" for=\"wpforms-17958-field_9\">Name der Firma <span class=\"wpforms-required-label\">*<\/span><\/label><input type=\"text\" id=\"wpforms-17958-field_9\" class=\"wpforms-field-large wpforms-field-required\" name=\"wpforms[fields][9]\" required><\/div><div id=\"wpforms-17958-field_10-container\" class=\"wpforms-field wpforms-field-text\" data-field-id=\"10\"><label class=\"wpforms-field-label\" for=\"wpforms-17958-field_10\">Adresse (Stra\u00dfe, Hausnummer) <span class=\"wpforms-required-label\">*<\/span><\/label><input type=\"text\" id=\"wpforms-17958-field_10\" class=\"wpforms-field-large wpforms-field-required\" name=\"wpforms[fields][10]\" required><\/div><div id=\"wpforms-17958-field_11-container\" class=\"wpforms-field wpforms-field-text\" data-field-id=\"11\"><label class=\"wpforms-field-label\" for=\"wpforms-17958-field_11\">Hauptsitz (Postleitzahl, Stadt) <span class=\"wpforms-required-label\">*<\/span><\/label><input type=\"text\" id=\"wpforms-17958-field_11\" class=\"wpforms-field-large wpforms-field-required\" name=\"wpforms[fields][11]\" required><\/div><div id=\"wpforms-17958-field_13-container\" class=\"wpforms-field wpforms-field-text\" data-field-id=\"13\"><label class=\"wpforms-field-label\" for=\"wpforms-17958-field_13\">ID-Nummer<\/label><input type=\"text\" id=\"wpforms-17958-field_13\" class=\"wpforms-field-large\" name=\"wpforms[fields][13]\" ><\/div><div id=\"wpforms-17958-field_14-container\" class=\"wpforms-field wpforms-field-text\" data-field-id=\"14\"><label class=\"wpforms-field-label\" for=\"wpforms-17958-field_14\">MwSt<\/label><input type=\"text\" id=\"wpforms-17958-field_14\" class=\"wpforms-field-large\" name=\"wpforms[fields][14]\" ><\/div><div id=\"wpforms-17958-field_23-container\" class=\"wpforms-field wpforms-field-html\" data-field-id=\"23\"><div id=\"wpforms-17958-field_23\"><br> <h3 style=\"color:var(--e-global-color-primary)\"><b>Preis<\/b><\/h3><\/div><\/div><div id=\"wpforms-17958-field_16-container\" class=\"wpforms-field wpforms-field-radio wpforms-list-2-columns\" data-field-id=\"16\"><label class=\"wpforms-field-label\" for=\"wpforms-17958-field_16\">Preis f\u00fcr einen Teilnehmer <span class=\"wpforms-required-label\">*<\/span><\/label><ul id=\"wpforms-17958-field_16\" class=\"wpforms-field-required\"><li class=\"choice-1 depth-1\"><input type=\"radio\" id=\"wpforms-17958-field_16_1\" name=\"wpforms[fields][16]\" value=\"Preis f\u00fcr den Hersteller, Importeur: EUR 350 + MwSt\" required ><label class=\"wpforms-field-label-inline\" for=\"wpforms-17958-field_16_1\">Preis f\u00fcr den Hersteller, Importeur: EUR 350 + MwSt<\/label><\/li><li class=\"choice-4 depth-1\"><input type=\"radio\" id=\"wpforms-17958-field_16_4\" name=\"wpforms[fields][16]\" value=\"Preis f\u00fcr die Apotheke: 200 EUR + MwSt\" required ><label class=\"wpforms-field-label-inline\" for=\"wpforms-17958-field_16_4\">Preis f\u00fcr die Apotheke: 200 EUR + MwSt<\/label><\/li><li class=\"choice-2 depth-1 wpforms-selected\"><input type=\"radio\" id=\"wpforms-17958-field_16_2\" name=\"wpforms[fields][16]\" value=\"Ich bin MED-ART-Kunde (Preis 170 EUR)\" required  checked='checked'><label class=\"wpforms-field-label-inline\" for=\"wpforms-17958-field_16_2\">Ich bin MED-ART-Kunde (Preis 170 EUR)<\/label><\/li><li class=\"choice-5 depth-1\"><input type=\"radio\" id=\"wpforms-17958-field_16_5\" name=\"wpforms[fields][16]\" value=\"Ich bin MED-ART-Kunde (Preis 100 EUR + MwSt.)\" required ><label class=\"wpforms-field-label-inline\" for=\"wpforms-17958-field_16_5\">Ich bin MED-ART-Kunde (Preis 100 EUR + MwSt.)<\/label><\/li><li class=\"choice-3 depth-1\"><input type=\"radio\" id=\"wpforms-17958-field_16_3\" name=\"wpforms[fields][16]\" value=\"Ich bin Mitglied von \u010cASP (Preis 100 EUR + MwSt.)\" required ><label class=\"wpforms-field-label-inline\" for=\"wpforms-17958-field_16_3\">Ich bin Mitglied von \u010cASP (Preis 100 EUR + MwSt.)<\/label><\/li><\/ul><\/div><div id=\"wpforms-17958-field_22-container\" class=\"wpforms-field wpforms-field-html\" data-field-id=\"22\"><div id=\"wpforms-17958-field_22\"><b>Nach dem Absenden des Anmeldeformulars stellen wir Ihnen eine Vorabrechnung aus.<\/b> <br><br><\/div><\/div><div id=\"wpforms-17958-field_17-container\" class=\"wpforms-field wpforms-field-textarea\" data-field-id=\"17\"><label class=\"wpforms-field-label\" for=\"wpforms-17958-field_17\">Notiz<\/label><textarea id=\"wpforms-17958-field_17\" class=\"wpforms-field-medium\" name=\"wpforms[fields][17]\" ><\/textarea><\/div><div id=\"wpforms-17958-field_15-container\" class=\"wpforms-field wpforms-field-checkbox\" data-field-id=\"15\"><label class=\"wpforms-field-label\" for=\"wpforms-17958-field_15\">Teilnahmebest\u00e4tigung <span class=\"wpforms-required-label\">*<\/span><\/label><ul id=\"wpforms-17958-field_15\" class=\"wpforms-field-required\"><li class=\"choice-1 depth-1\"><input type=\"checkbox\" id=\"wpforms-17958-field_15_1\" name=\"wpforms[fields][15][]\" value=\"Ich best\u00e4tige meine Teilnahme an der Veranstaltung Workshop f\u00fcr Hersteller und Importeure von Nahrungserg\u00e4nzungsmitteln und Lebensmitteln, 04.06.2024\" required ><label class=\"wpforms-field-label-inline\" for=\"wpforms-17958-field_15_1\">Ich best\u00e4tige meine Teilnahme an der Veranstaltung Workshop f\u00fcr Hersteller und Importeure von Nahrungserg\u00e4nzungsmitteln und Lebensmitteln, 04.06.2024<\/label><\/li><\/ul><\/div><div id=\"wpforms-17958-field_18-container\" class=\"wpforms-field wpforms-field-checkbox\" data-field-id=\"18\"><label class=\"wpforms-field-label\" for=\"wpforms-17958-field_18\">Einwilligungserteilung <span class=\"wpforms-required-label\">*<\/span><\/label><ul id=\"wpforms-17958-field_18\" class=\"wpforms-field-required\"><li class=\"choice-1 depth-1\"><input type=\"checkbox\" id=\"wpforms-17958-field_18_1\" name=\"wpforms[fields][18][]\" value=\"Durch das Ankreuzen des K\u00e4stchens erkl\u00e4ren Sie Ihr &lt;a href=&quot;https:\/\/alfamedicalteam.com\/de\/datenschutzbestimmungen\/&quot; target=&quot;_blank&quot;&gt;Einverst\u00e4ndnis mit der Verarbeitung personenbezogener Daten&lt;\/a&gt; f\u00fcr Marketingzwecke. Wir nutzen Ihre personenbezogenen Daten zur Abwicklung der Buchhaltung sowie zur Weitergabe der Daten an Dritte.\" required ><label class=\"wpforms-field-label-inline\" for=\"wpforms-17958-field_18_1\">Durch das Ankreuzen des K\u00e4stchens erkl\u00e4ren Sie Ihr <a href=\"https:\/\/alfamedicalteam.com\/de\/datenschutzbestimmungen\/\" target=\"_blank\">Einverst\u00e4ndnis mit der Verarbeitung personenbezogener Daten<\/a> f\u00fcr Marketingzwecke. Wir nutzen Ihre personenbezogenen Daten zur Abwicklung der Buchhaltung sowie zur Weitergabe der Daten an Dritte.<\/label><\/li><\/ul><\/div><\/div><div class=\"wpforms-submit-container\"><input type=\"hidden\" name=\"wpforms[id]\" value=\"17958\"><input type=\"hidden\" name=\"wpforms[author]\" value=\"1\"><button type=\"submit\" name=\"wpforms[submit]\" id=\"wpforms-submit-17958\" class=\"wpforms-submit\" data-alt-text=\"Senden ...\" data-submit-text=\"Senden\" aria-live=\"assertive\" value=\"wpforms-submit\">Senden<\/button><img decoding=\"async\" src=\"https:\/\/alfamedicalteam.com\/wp-content\/plugins\/wpforms\/assets\/images\/submit-spin.svg\" class=\"wpforms-submit-spinner\" style=\"display: none;\" width=\"26\" height=\"26\" alt=\"Wird geladen\"><\/div><\/form><\/div>  <!-- .wpforms-container -->\t\t\t\t<\/div>\n\t\t\t\t<\/div>\n\t\t\t\t\t<\/div>\n\t\t\t\t<\/div>\n\t\t\t\t\t<\/div>\n\t\t\t\t<\/div>\n\t\t<div class=\"elementor-element elementor-element-3bad0c3 e-flex e-con-boxed e-con e-parent\" data-id=\"3bad0c3\" data-element_type=\"container\" data-e-type=\"container\">\n\t\t\t\t\t<div class=\"e-con-inner\">\n\t\t<div class=\"elementor-element elementor-element-5e4ada2 e-flex e-con-boxed e-con e-child\" data-id=\"5e4ada2\" data-element_type=\"container\" data-e-type=\"container\">\n\t\t\t\t\t<div class=\"e-con-inner\">\n\t\t\t\t<div class=\"elementor-element elementor-element-f7bc01f elementor-widget elementor-widget-text-editor\" data-id=\"f7bc01f\" data-element_type=\"widget\" data-e-type=\"widget\" data-widget_type=\"text-editor.default\">\n\t\t\t\t<div class=\"elementor-widget-container\">\n\t\t\t\t\t\t\t\t\t<p>Mit * markierte Felder sind Pflichtfelder.<\/p>\n<p>Wenn Sie weitere Informationen ben\u00f6tigen, wenden Sie sich bitte per E-Mail an uns:<\/p>\n<p><a href=\"https:\/\/alfamedicalteam.com\/workshop-2024\/kristianova@casponline.cz\">kristianova@casponline.cz<\/a><\/p>\n<p>oder<\/p>\n<p>per Telefon: <a href=\"tel:+421917871068\">421 917 871 068<\/a><\/p>\n<p>Die Anmeldegeb\u00fchr muss bis zum 22.05.2024 bezahlt werden.<\/p>\n<p>Vielen Dank f\u00fcr Ihre Teilnahme!<\/p>\n\t\t\t\t\t\t\t\t<\/div>\n\t\t\t\t<\/div>\n\t\t\t\t\t<\/div>\n\t\t\t\t<\/div>\n\t\t\t\t\t<\/div>\n\t\t\t\t<\/div>\n\t\t\t\t<\/div>\n\t\t","protected":false},"excerpt":{"rendered":"<p>Workshop-Programm Mit * markierte Felder sind Pflichtfelder. Wenn Sie weitere Informationen ben\u00f6tigen, wenden Sie sich bitte per E-Mail an uns: kristianova@casponline.cz oder per Telefon: 421 917 871 068 Die Anmeldegeb\u00fchr muss bis zum 22.05.2024 bezahlt werden. Vielen Dank f\u00fcr Ihre Teilnahme!<\/p>\n","protected":false},"author":1,"featured_media":20308,"parent":19687,"menu_order":0,"comment_status":"closed","ping_status":"closed","template":"","meta":{"footnotes":""},"class_list":["post-19863","page","type-page","status-publish","has-post-thumbnail","hentry"],"_links":{"self":[{"href":"https:\/\/alfamedicalteam.com\/de\/wp-json\/wp\/v2\/pages\/19863","targetHints":{"allow":["GET"]}}],"collection":[{"href":"https:\/\/alfamedicalteam.com\/de\/wp-json\/wp\/v2\/pages"}],"about":[{"href":"https:\/\/alfamedicalteam.com\/de\/wp-json\/wp\/v2\/types\/page"}],"author":[{"embeddable":true,"href":"https:\/\/alfamedicalteam.com\/de\/wp-json\/wp\/v2\/users\/1"}],"replies":[{"embeddable":true,"href":"https:\/\/alfamedicalteam.com\/de\/wp-json\/wp\/v2\/comments?post=19863"}],"version-history":[{"count":0,"href":"https:\/\/alfamedicalteam.com\/de\/wp-json\/wp\/v2\/pages\/19863\/revisions"}],"up":[{"embeddable":true,"href":"https:\/\/alfamedicalteam.com\/de\/wp-json\/wp\/v2\/pages\/19687"}],"wp:featuredmedia":[{"embeddable":true,"href":"https:\/\/alfamedicalteam.com\/de\/wp-json\/wp\/v2\/media\/20308"}],"wp:attachment":[{"href":"https:\/\/alfamedicalteam.com\/de\/wp-json\/wp\/v2\/media?parent=19863"}],"curies":[{"name":"wp","href":"https:\/\/api.w.org\/{rel}","templated":true}]}}