{"id":19677,"date":"2024-04-05T10:06:50","date_gmt":"2024-04-05T08:06:50","guid":{"rendered":"https:\/\/alfamedicalteam.com\/outsourcing-des-verkaufs\/"},"modified":"2024-05-02T19:57:23","modified_gmt":"2024-05-02T17:57:23","slug":"outsourcing-des-verkaufs","status":"publish","type":"page","link":"https:\/\/alfamedicalteam.com\/de\/outsourcing-des-verkaufs\/","title":{"rendered":"Outsourcing des Verkaufs"},"content":{"rendered":"\t\t<div data-elementor-type=\"wp-page\" data-elementor-id=\"19677\" class=\"elementor elementor-19677 elementor-19\" data-elementor-post-type=\"page\">\n\t\t\t\t<div class=\"elementor-element elementor-element-6b5e543 e-flex e-con-boxed e-con e-parent\" data-id=\"6b5e543\" data-element_type=\"container\" data-e-type=\"container\">\n\t\t\t\t\t<div class=\"e-con-inner\">\n\t\t\t\t<div class=\"elementor-element elementor-element-310a777 elementor-widget elementor-widget-template\" data-id=\"310a777\" data-element_type=\"widget\" data-e-type=\"widget\" data-widget_type=\"template.default\">\n\t\t\t\t<div class=\"elementor-widget-container\">\n\t\t\t\t\t\t\t<div class=\"elementor-template\">\n\t\t\t\t\t<div data-elementor-type=\"section\" data-elementor-id=\"19712\" class=\"elementor elementor-19712 elementor-16859\" data-elementor-post-type=\"elementor_library\">\n\t\t\t<div class=\"elementor-element elementor-element-318b275 e-con-full e-flex e-con e-child\" data-id=\"318b275\" data-element_type=\"container\" data-e-type=\"container\" data-settings=\"{&quot;background_background&quot;:&quot;classic&quot;}\">\n\t\t<div class=\"elementor-element elementor-element-06a66bd e-con-full e-flex e-con e-child\" data-id=\"06a66bd\" data-element_type=\"container\" data-e-type=\"container\">\n\t\t<div class=\"elementor-element elementor-element-9fd5893 e-con-full e-flex e-con e-child\" data-id=\"9fd5893\" data-element_type=\"container\" data-e-type=\"container\">\n\t\t\t\t<div class=\"elementor-element elementor-element-4a5ec7e elementor-widget elementor-widget-shortcode\" data-id=\"4a5ec7e\" data-element_type=\"widget\" data-e-type=\"widget\" data-widget_type=\"shortcode.default\">\n\t\t\t\t<div class=\"elementor-widget-container\">\n\t\t\t\t\t\t\t<div class=\"elementor-shortcode\"><nav aria-label=\"breadcrumbs\" class=\"rank-math-breadcrumb\"><p><span class=\"last\">Startseite<\/span><\/p><\/nav><\/div>\n\t\t\t\t\t\t<\/div>\n\t\t\t\t<\/div>\n\t\t\t\t<div class=\"elementor-element elementor-element-be3ecf0 elementor-widget elementor-widget-heading\" data-id=\"be3ecf0\" data-element_type=\"widget\" data-e-type=\"widget\" data-widget_type=\"heading.default\">\n\t\t\t\t<div class=\"elementor-widget-container\">\n\t\t\t\t\t<h1 class=\"elementor-heading-title elementor-size-default\">Outsourcing des Verkaufs<\/h1>\t\t\t\t<\/div>\n\t\t\t\t<\/div>\n\t\t\t\t<div class=\"elementor-element elementor-element-41da7e0 elementor-widget elementor-widget-text-editor\" data-id=\"41da7e0\" data-element_type=\"widget\" data-e-type=\"widget\" data-widget_type=\"text-editor.default\">\n\t\t\t\t<div class=\"elementor-widget-container\">\n\t\t\t\t\t\t\t\t\tWenn Sie den Vertrieb auslagern, erhalten Sie qualifizierte und professionell geschulte Pharmareferenten, die Sie effektiv auf dem Markt vertreten und Ihnen damit viel Zeit und Kosten sparen.\t\t\t\t\t\t\t\t<\/div>\n\t\t\t\t<\/div>\n\t\t\t\t<\/div>\n\t\t<div class=\"elementor-element elementor-element-cbea8e7 e-con-full e-flex e-con e-child\" data-id=\"cbea8e7\" data-element_type=\"container\" data-e-type=\"container\" data-settings=\"{&quot;background_background&quot;:&quot;classic&quot;}\">\n\t\t\t\t<div class=\"elementor-element elementor-element-f7984da elementor-widget elementor-widget-spacer\" data-id=\"f7984da\" data-element_type=\"widget\" data-e-type=\"widget\" data-widget_type=\"spacer.default\">\n\t\t\t\t<div class=\"elementor-widget-container\">\n\t\t\t\t\t\t\t<div class=\"elementor-spacer\">\n\t\t\t<div class=\"elementor-spacer-inner\"><\/div>\n\t\t<\/div>\n\t\t\t\t\t\t<\/div>\n\t\t\t\t<\/div>\n\t\t\t\t<\/div>\n\t\t\t\t<\/div>\n\t\t\t\t<\/div>\n\t\t\t\t<\/div>\n\t\t\t\t<\/div>\n\t\t\t\t\t\t<\/div>\n\t\t\t\t<\/div>\n\t\t\t\t\t<\/div>\n\t\t\t\t<\/div>\n\t\t<div class=\"elementor-element elementor-element-85a69af e-flex e-con-boxed e-con e-parent\" data-id=\"85a69af\" data-element_type=\"container\" data-e-type=\"container\">\n\t\t\t\t\t<div class=\"e-con-inner\">\n\t\t<div class=\"elementor-element elementor-element-ea4dd1b e-flex e-con-boxed e-con e-child\" data-id=\"ea4dd1b\" data-element_type=\"container\" data-e-type=\"container\">\n\t\t\t\t\t<div class=\"e-con-inner\">\n\t\t\t\t<div class=\"elementor-element elementor-element-7796d37 elementor-widget__width-initial elementor-invisible elementor-widget elementor-widget-heading\" data-id=\"7796d37\" data-element_type=\"widget\" data-e-type=\"widget\" data-settings=\"{&quot;_animation&quot;:&quot;zoomIn&quot;,&quot;_animation_mobile&quot;:&quot;fadeInLeft&quot;}\" data-widget_type=\"heading.default\">\n\t\t\t\t<div class=\"elementor-widget-container\">\n\t\t\t\t\t<h3 class=\"elementor-heading-title elementor-size-default\">Wir bieten Ihnen Professionalit\u00e4t, Qualit\u00e4t, Hilfsbereitschaft und schnelle Auswirkungen unserer T\u00e4tigkeit auf Ihre Gesch\u00e4ftsergebnisse.<\/h3>\t\t\t\t<\/div>\n\t\t\t\t<\/div>\n\t\t\t\t<div class=\"elementor-element elementor-element-e97c1e5 elementor-widget__width-initial animated-fast elementor-view-default elementor-position-block-start elementor-mobile-position-block-start elementor-invisible elementor-widget elementor-widget-icon-box\" data-id=\"e97c1e5\" data-element_type=\"widget\" data-e-type=\"widget\" data-settings=\"{&quot;_animation&quot;:&quot;fadeInUp&quot;}\" data-widget_type=\"icon-box.default\">\n\t\t\t\t<div class=\"elementor-widget-container\">\n\t\t\t\t\t\t\t<div class=\"elementor-icon-box-wrapper\">\n\n\t\t\t\t\t\t<div class=\"elementor-icon-box-icon\">\n\t\t\t\t<span  class=\"elementor-icon\">\n\t\t\t\t<svg xmlns=\"http:\/\/www.w3.org\/2000\/svg\" id=\"Layer_1\" viewBox=\"0 0 100 100\"><path clip-rule=\"evenodd\" d=\"m95.3380203 2.5003836c-1.4323349 0-4.0683365.2737672-7.9153519.8108764-3.8466721.5393927-6.3333435 1.0611684-7.4547653 1.5553362-1.1253357.4938169-3.1575851 2.208004-6.0930939 5.1227589-2.9381714 2.9251719-7.1998444 8.3235989-12.772522 16.1916962-5.5814285 7.8766804-10.7858543 16.1908627-15.6250305 24.9500408-4.8411751 8.7625198-9.3591805 17.8591957-13.5516891 27.2892113-3.8792572-6.6412582-7.3847637-11.1441803-10.5341854-13.5125198-3.1409225-2.3775902-5.7910109-3.5635109-7.9453468-3.5635109-1.6825857 0-3.7906733.8971672-6.3333449 2.6832542-2.5397539 1.7913284-3.8099234 3.5449219-3.8099234 5.2740936 0 1.2516708 1.1653354 3.1064148 3.4960892 5.5592575 4.6162581 4.8769226 8.7025166 10.0491867 12.2383537 15.5241928 2.1598377 3.2744141 3.5963402 5.2835083 4.3125076 6.0165863.7119184.7252655 2.8818402 1.0983429 6.5107618 1.0983429 5.047842 0 8.0462627-.6474609 9.0000172-1.949585.9449997-1.2535858 2.6940041-4.990593 5.2448425-11.2208557 6.302761-15.5975265 14.1391906-30.4933929 23.5067062-44.6750793 9.3750153-14.1758556 17.9617004-24.9008751 25.779213-32.1658859 1.5573349-1.3801689 2.492836-2.274754 2.8219223-2.6878381.3203125-.4143925.4840546-.8317099.4840546-1.2662523-.0006562-.6855531-.4544297-1.0345037-1.3590852-1.0345037z\" fill-rule=\"evenodd\"><\/path><\/svg>\t\t\t\t<\/span>\n\t\t\t<\/div>\n\t\t\t\n\t\t\t\t\t\t<div class=\"elementor-icon-box-content\">\n\n\t\t\t\t\n\t\t\t\t\t\t\t\t\t<p class=\"elementor-icon-box-description\">\n\t\t\t\t\t\tAlle Mitglieder unseres Verkaufsteams sind seit langem in der Pharmabranche t\u00e4tig und verf\u00fcgen \u00fcber einen gro\u00dfen Erfahrungsschatz. Sie werden regelm\u00e4\u00dfig in Verkaufs- und Marketingf\u00e4higkeiten geschult und professionell verwaltet, um die Bed\u00fcrfnisse unserer Partner umfassend zu erf\u00fcllen.\t\t\t\t\t<\/p>\n\t\t\t\t\n\t\t\t<\/div>\n\t\t\t\n\t\t<\/div>\n\t\t\t\t\t\t<\/div>\n\t\t\t\t<\/div>\n\t\t\t\t<div class=\"elementor-element elementor-element-b585c1a elementor-widget__width-initial elementor-view-default elementor-position-block-start elementor-mobile-position-block-start elementor-invisible elementor-widget elementor-widget-icon-box\" data-id=\"b585c1a\" data-element_type=\"widget\" data-e-type=\"widget\" data-settings=\"{&quot;_animation&quot;:&quot;fadeInUp&quot;}\" data-widget_type=\"icon-box.default\">\n\t\t\t\t<div class=\"elementor-widget-container\">\n\t\t\t\t\t\t\t<div class=\"elementor-icon-box-wrapper\">\n\n\t\t\t\t\t\t<div class=\"elementor-icon-box-icon\">\n\t\t\t\t<span  class=\"elementor-icon\">\n\t\t\t\t<svg xmlns=\"http:\/\/www.w3.org\/2000\/svg\" id=\"Layer_1\" viewBox=\"0 0 100 100\"><path clip-rule=\"evenodd\" d=\"m95.3380203 2.5003836c-1.4323349 0-4.0683365.2737672-7.9153519.8108764-3.8466721.5393927-6.3333435 1.0611684-7.4547653 1.5553362-1.1253357.4938169-3.1575851 2.208004-6.0930939 5.1227589-2.9381714 2.9251719-7.1998444 8.3235989-12.772522 16.1916962-5.5814285 7.8766804-10.7858543 16.1908627-15.6250305 24.9500408-4.8411751 8.7625198-9.3591805 17.8591957-13.5516891 27.2892113-3.8792572-6.6412582-7.3847637-11.1441803-10.5341854-13.5125198-3.1409225-2.3775902-5.7910109-3.5635109-7.9453468-3.5635109-1.6825857 0-3.7906733.8971672-6.3333449 2.6832542-2.5397539 1.7913284-3.8099234 3.5449219-3.8099234 5.2740936 0 1.2516708 1.1653354 3.1064148 3.4960892 5.5592575 4.6162581 4.8769226 8.7025166 10.0491867 12.2383537 15.5241928 2.1598377 3.2744141 3.5963402 5.2835083 4.3125076 6.0165863.7119184.7252655 2.8818402 1.0983429 6.5107618 1.0983429 5.047842 0 8.0462627-.6474609 9.0000172-1.949585.9449997-1.2535858 2.6940041-4.990593 5.2448425-11.2208557 6.302761-15.5975265 14.1391906-30.4933929 23.5067062-44.6750793 9.3750153-14.1758556 17.9617004-24.9008751 25.779213-32.1658859 1.5573349-1.3801689 2.492836-2.274754 2.8219223-2.6878381.3203125-.4143925.4840546-.8317099.4840546-1.2662523-.0006562-.6855531-.4544297-1.0345037-1.3590852-1.0345037z\" fill-rule=\"evenodd\"><\/path><\/svg>\t\t\t\t<\/span>\n\t\t\t<\/div>\n\t\t\t\n\t\t\t\t\t\t<div class=\"elementor-icon-box-content\">\n\n\t\t\t\t\n\t\t\t\t\t\t\t\t\t<p class=\"elementor-icon-box-description\">\n\t\t\t\t\t\tDas Vertriebsteam arbeitet mit dem eOrdering-System von PharmINFO, das eine hohe Effizienz bei der Ausf\u00fchrung von \u00dcberweisungsauftr\u00e4gen gew\u00e4hrleistet. Wir arbeiten mit allen wichtigen H\u00e4ndlern auf dem Markt zusammen.\t\t\t\t\t<\/p>\n\t\t\t\t\n\t\t\t<\/div>\n\t\t\t\n\t\t<\/div>\n\t\t\t\t\t\t<\/div>\n\t\t\t\t<\/div>\n\t\t\t\t<div class=\"elementor-element elementor-element-22e9ede elementor-widget__width-initial animated-slow elementor-view-default elementor-position-block-start elementor-mobile-position-block-start elementor-invisible elementor-widget elementor-widget-icon-box\" data-id=\"22e9ede\" data-element_type=\"widget\" data-e-type=\"widget\" data-settings=\"{&quot;_animation&quot;:&quot;fadeInUp&quot;}\" data-widget_type=\"icon-box.default\">\n\t\t\t\t<div class=\"elementor-widget-container\">\n\t\t\t\t\t\t\t<div class=\"elementor-icon-box-wrapper\">\n\n\t\t\t\t\t\t<div class=\"elementor-icon-box-icon\">\n\t\t\t\t<span  class=\"elementor-icon\">\n\t\t\t\t<svg xmlns=\"http:\/\/www.w3.org\/2000\/svg\" id=\"Layer_1\" viewBox=\"0 0 100 100\"><path clip-rule=\"evenodd\" d=\"m95.3380203 2.5003836c-1.4323349 0-4.0683365.2737672-7.9153519.8108764-3.8466721.5393927-6.3333435 1.0611684-7.4547653 1.5553362-1.1253357.4938169-3.1575851 2.208004-6.0930939 5.1227589-2.9381714 2.9251719-7.1998444 8.3235989-12.772522 16.1916962-5.5814285 7.8766804-10.7858543 16.1908627-15.6250305 24.9500408-4.8411751 8.7625198-9.3591805 17.8591957-13.5516891 27.2892113-3.8792572-6.6412582-7.3847637-11.1441803-10.5341854-13.5125198-3.1409225-2.3775902-5.7910109-3.5635109-7.9453468-3.5635109-1.6825857 0-3.7906733.8971672-6.3333449 2.6832542-2.5397539 1.7913284-3.8099234 3.5449219-3.8099234 5.2740936 0 1.2516708 1.1653354 3.1064148 3.4960892 5.5592575 4.6162581 4.8769226 8.7025166 10.0491867 12.2383537 15.5241928 2.1598377 3.2744141 3.5963402 5.2835083 4.3125076 6.0165863.7119184.7252655 2.8818402 1.0983429 6.5107618 1.0983429 5.047842 0 8.0462627-.6474609 9.0000172-1.949585.9449997-1.2535858 2.6940041-4.990593 5.2448425-11.2208557 6.302761-15.5975265 14.1391906-30.4933929 23.5067062-44.6750793 9.3750153-14.1758556 17.9617004-24.9008751 25.779213-32.1658859 1.5573349-1.3801689 2.492836-2.274754 2.8219223-2.6878381.3203125-.4143925.4840546-.8317099.4840546-1.2662523-.0006562-.6855531-.4544297-1.0345037-1.3590852-1.0345037z\" fill-rule=\"evenodd\"><\/path><\/svg>\t\t\t\t<\/span>\n\t\t\t<\/div>\n\t\t\t\n\t\t\t\t\t\t<div class=\"elementor-icon-box-content\">\n\n\t\t\t\t\n\t\t\t\t\t\t\t\t\t<p class=\"elementor-icon-box-description\">\n\t\t\t\t\t\tProfitieren Sie von unserer umfangreichen Erfahrung im Direktverkauf von pharmazeutischen Produkten in Apotheken und Apothekenketten. Trotz des stark ges\u00e4ttigten Pharmamarktes sind wir dank unserer professionellen Dienstleistungen langfristig erfolgreich.\t\t\t\t\t<\/p>\n\t\t\t\t\n\t\t\t<\/div>\n\t\t\t\n\t\t<\/div>\n\t\t\t\t\t\t<\/div>\n\t\t\t\t<\/div>\n\t\t\t\t\t<\/div>\n\t\t\t\t<\/div>\n\t\t\t\t\t<\/div>\n\t\t\t\t<\/div>\n\t\t<div class=\"elementor-element elementor-element-c5e4bec e-flex e-con-boxed e-con e-parent\" data-id=\"c5e4bec\" data-element_type=\"container\" data-e-type=\"container\">\n\t\t\t\t\t<div class=\"e-con-inner\">\n\t\t<div class=\"elementor-element elementor-element-1080751 e-flex e-con-boxed e-con e-child\" data-id=\"1080751\" data-element_type=\"container\" data-e-type=\"container\">\n\t\t\t\t\t<div class=\"e-con-inner\">\n\t\t<div class=\"elementor-element elementor-element-14acfc6 e-flex e-con-boxed e-con e-child\" data-id=\"14acfc6\" data-element_type=\"container\" data-e-type=\"container\" data-settings=\"{&quot;background_background&quot;:&quot;classic&quot;}\">\n\t\t\t\t\t<div class=\"e-con-inner\">\n\t\t\t\t<div class=\"elementor-element elementor-element-c90fe79 elementor-view-stacked elementor-shape-circle elementor-widget elementor-widget-icon\" data-id=\"c90fe79\" data-element_type=\"widget\" data-e-type=\"widget\" data-widget_type=\"icon.default\">\n\t\t\t\t<div class=\"elementor-widget-container\">\n\t\t\t\t\t\t\t<div class=\"elementor-icon-wrapper\">\n\t\t\t<div class=\"elementor-icon\">\n\t\t\t<svg xmlns=\"http:\/\/www.w3.org\/2000\/svg\" xmlns:xlink=\"http:\/\/www.w3.org\/1999\/xlink\" id=\"Capa_1\" x=\"0px\" y=\"0px\" viewBox=\"-223 25 512 512\" style=\"enable-background:new -223 25 512 512;\" xml:space=\"preserve\"><path d=\"M228.9,312.9l19.4-19.4c26.2-26.2,40.7-61.1,40.7-98.2c0-37.1-14.5-72-40.7-98.2c-26.2-26.2-61.1-40.7-98.2-40.7 c-37.1,0-72,14.5-98.2,40.7L33,115.9L14.2,97.1c-26.2-26.2-61.1-40.7-98.2-40.7c-37.1,0-72,14.5-98.3,40.7 c-54.2,54.2-54.2,142.3,0,196.5l18.8,18.8l-4,4c-8.7,8.7-13.5,20.2-13.5,32.5c0,12.3,4.8,23.8,13.5,32.5 c8.2,8.2,18.9,12.9,30.4,13.4c0.5,11.5,5.2,22.2,13.4,30.4c8.4,8.4,19.3,12.9,30.4,13.4c0.5,11.5,5.2,22.2,13.4,30.4 c9,9,20.7,13.4,32.5,13.4c7.5,0,15.1-1.8,21.8-5.5c2.3,5.6,5.7,10.8,10.1,15.2c8.7,8.7,20.2,13.5,32.5,13.5 c12.3,0,23.8-4.8,32.5-13.5L65,476.9c0,0,0,0,0,0c4-4,7-8.5,9.2-13.3l8.1,8.1c9,9,20.7,13.4,32.5,13.4c11.8,0,23.5-4.5,32.5-13.4 c8.2-8.2,12.9-18.9,13.4-30.4c11.5-0.5,22.2-5.2,30.4-13.4c8.2-8.2,12.9-18.9,13.4-30.4c11.1-0.5,22-5,30.4-13.4 c8.7-8.7,13.5-20.2,13.5-32.5c0-12.3-4.8-23.8-13.4-32.5L228.9,312.9z M73,118.3c20.6-20.6,47.9-31.9,77-31.9 c29.1,0,56.5,11.3,77,31.9c20.6,20.6,31.9,47.9,31.9,77c0,29.1-11.3,56.5-31.9,77l-19.3,19.3L87.3,170.5c0,0,0,0,0,0c0,0,0,0,0,0 c-0.2-0.2-0.3-0.3-0.5-0.4c-0.2-0.2-0.4-0.4-0.6-0.6c-0.2-0.2-0.4-0.3-0.7-0.5c-0.2-0.1-0.4-0.3-0.6-0.4c-0.3-0.2-0.5-0.3-0.8-0.5 c-0.2-0.1-0.3-0.2-0.5-0.3c-0.3-0.2-0.6-0.3-0.9-0.4c-0.1-0.1-0.3-0.1-0.4-0.2c-0.3-0.1-0.7-0.2-1-0.4c-0.1,0-0.2-0.1-0.4-0.1 c-0.3-0.1-0.7-0.2-1.1-0.3c-0.1,0-0.2-0.1-0.4-0.1c-0.4-0.1-0.7-0.1-1.1-0.2c-0.1,0-0.2,0-0.4-0.1c-0.4,0-0.7,0-1.1-0.1 c-0.1,0-0.3,0-0.4,0c-0.3,0-0.7,0-1,0c-0.1,0-0.3,0-0.4,0c-0.3,0-0.6,0.1-0.9,0.1c-0.2,0-0.3,0-0.5,0.1c-0.3,0.1-0.6,0.1-0.9,0.2 c-0.2,0-0.4,0.1-0.6,0.1c-0.3,0.1-0.5,0.2-0.8,0.3c-0.2,0.1-0.4,0.1-0.6,0.2c-0.2,0.1-0.5,0.2-0.7,0.3c-0.2,0.1-0.4,0.2-0.6,0.3 c-0.2,0.1-0.4,0.3-0.7,0.4c-0.2,0.1-0.4,0.2-0.6,0.4c-0.2,0.1-0.4,0.3-0.6,0.4c-0.2,0.1-0.4,0.3-0.6,0.4c-0.2,0.2-0.4,0.3-0.6,0.5 c-0.2,0.2-0.4,0.3-0.6,0.5c0,0,0,0,0,0c0,0,0,0,0,0L14.6,222c-4.2,4.2-9.8,6.5-15.8,6.5c-6,0-11.6-2.3-15.8-6.6 c-1.8-1.8-2.8-4.2-2.8-6.8c0-2.6,1-5,2.8-6.8l60.6-60.6c0,0,0,0,0,0L73,118.3z M-150.9,348.9c0-4.3,1.7-8.3,4.7-11.3l14.6-14.6 c0,0,0,0,0,0c0,0,0,0,0,0l21.3-21.3c3.1-3.1,7.2-4.7,11.3-4.7c3.8,0,7.6,1.4,10.7,4.1c0,0,0.1,0.1,0.1,0.1c0.2,0.2,0.4,0.3,0.5,0.5 c0.2,0.2,0.3,0.4,0.5,0.5c0,0,0.1,0.1,0.1,0.1c2.6,2.9,4.1,6.7,4.1,10.7c0,4.3-1.6,8.2-4.6,11.3l-36,36c0,0,0,0,0,0 c-3,3-7,4.7-11.3,4.7c-4.3,0-8.3-1.7-11.3-4.7C-149.3,357.1-150.9,353.1-150.9,348.9z M-107.1,392.7c0-4.3,1.7-8.3,4.7-11.3 c0,0,0,0,0,0l36-35.9c0,0,0.1-0.1,0.1-0.1l20.6-20.6c3.1-3.1,7.2-4.7,11.3-4.7c3.8,0,7.7,1.4,10.8,4.2c0.2,0.2,0.4,0.3,0.5,0.5 c0.2,0.2,0.4,0.4,0.6,0.6c2.7,2.9,4.1,6.7,4.1,10.7c0,4.3-1.7,8.3-4.7,11.3L-79.8,404c-6.2,6.2-16.4,6.2-22.6,0 C-105.5,401-107.1,396.9-107.1,392.7z M-58.6,447.8c-3-3-4.7-7-4.7-11.3c0-4.3,1.7-8.3,4.7-11.3l35.9-35.9c3.1-3.1,7.2-4.7,11.3-4.7 c3.8,0,7.7,1.4,10.7,4.1c0.2,0.2,0.4,0.4,0.6,0.5c0.2,0.2,0.4,0.4,0.6,0.6c2.7,2.9,4.1,6.7,4.1,10.7c0,4.3-1.7,8.3-4.7,11.3 L-36,447.8C-42.2,454-52.4,454-58.6,447.8z M43.8,455.7L28.5,471c-3,3-7,4.7-11.3,4.7S8.9,474,5.9,471c-3-3-4.7-7-4.7-11.3 c0-4.3,1.7-8.3,4.7-11.3l15.3-15.3c3-3,7-4.7,11.3-4.7c4,0,7.7,1.4,10.7,4.1c0,0,0.1,0.1,0.1,0.1c0.2,0.2,0.4,0.3,0.5,0.5 c0.2,0.2,0.3,0.4,0.5,0.5c0,0,0.1,0.1,0.1,0.1C50,440,49.8,449.7,43.8,455.7z M213.8,362.9c-6.2,6.2-16.4,6.2-22.6,0l-47.8-47.8 c-5.9-5.9-15.4-5.9-21.2,0c-5.9,5.9-5.9,15.4,0,21.2l47.8,47.8c3,3,4.7,7,4.7,11.3c0,4.3-1.7,8.3-4.7,11.3c-3,3-7,4.7-11.3,4.7 s-8.3-1.7-11.3-4.7l-47.8-47.8c-5.9-5.9-15.4-5.9-21.2,0c-5.9,5.9-5.9,15.4,0,21.2l47.8,47.8c0,0,0,0,0,0c3,3,4.7,7,4.7,11.3 c0,4.3-1.7,8.3-4.7,11.3c-6.2,6.2-16.4,6.2-22.6,0l-37.2-37.2c-0.4-0.5-0.9-1-1.4-1.5c-0.6-0.6-1.2-1.2-1.9-1.8 c-7.9-7.1-18-11.2-28.5-11.7c-0.5-10.6-4.6-20.8-11.8-28.6c-0.5-0.6-1.1-1.2-1.7-1.8c-0.6-0.6-1.2-1.1-1.7-1.6 c-4.1-3.7-8.7-6.5-13.5-8.5c3.6-6.6,5.5-14.1,5.5-21.9c0-11.4-4.2-22.3-11.8-30.7c-0.5-0.6-1.1-1.2-1.7-1.8 c-0.6-0.6-1.2-1.1-1.7-1.6c-14.8-13.4-36-15.4-52.7-6.3c-2-4.9-4.8-9.4-8.3-13.3c-0.5-0.6-1.1-1.2-1.8-1.9c-0.6-0.6-1.2-1.2-1.9-1.8 c-18.2-16.3-45.9-15.5-63.2,1.8l-10.8,10.8l-18.8-18.8c-42.5-42.5-42.5-111.6,0-154.1c20.6-20.6,47.9-31.9,77-31.9 c29.1,0,56.5,11.3,77,31.9l18.8,18.9l-50,50c-7.5,7.5-11.6,17.4-11.6,28c0,10.6,4.1,20.5,11.6,28c9.9,9.9,23,15.3,37,15.3 s27.1-5.4,37-15.3l40.8-40.8l137.2,137.9c3,3,4.7,7,4.7,11.3C218.5,355.8,216.8,359.9,213.8,362.9z\"><\/path><\/svg>\t\t\t<\/div>\n\t\t<\/div>\n\t\t\t\t\t\t<\/div>\n\t\t\t\t<\/div>\n\t\t\t\t<div class=\"elementor-element elementor-element-aef9e8e elementor-widget elementor-widget-heading\" data-id=\"aef9e8e\" data-element_type=\"widget\" data-e-type=\"widget\" data-widget_type=\"heading.default\">\n\t\t\t\t<div class=\"elementor-widget-container\">\n\t\t\t\t\t<h3 class=\"elementor-heading-title elementor-size-default\">Medizinisches Marketing<\/h3>\t\t\t\t<\/div>\n\t\t\t\t<\/div>\n\t\t\t\t<div class=\"elementor-element elementor-element-b1979ba elementor-widget elementor-widget-text-editor\" data-id=\"b1979ba\" data-element_type=\"widget\" data-e-type=\"widget\" data-widget_type=\"text-editor.default\">\n\t\t\t\t<div class=\"elementor-widget-container\">\n\t\t\t\t\t\t\t\t\t<p>Verkaufsf\u00f6rderung in der Apotheke und Kommunikation mit \u00c4rzten sind oft miteinander verbundene Gef\u00e4\u00dfe, eines ohne das andere funktioniert nicht.<\/p>\n\t\t\t\t\t\t\t\t<\/div>\n\t\t\t\t<\/div>\n\t\t\t\t\t<\/div>\n\t\t\t\t<\/div>\n\t\t<div class=\"elementor-element elementor-element-9106811 e-flex e-con-boxed e-con e-child\" data-id=\"9106811\" data-element_type=\"container\" data-e-type=\"container\" data-settings=\"{&quot;background_background&quot;:&quot;classic&quot;}\">\n\t\t\t\t\t<div class=\"e-con-inner\">\n\t\t\t\t<div class=\"elementor-element elementor-element-a34e370 elementor-view-stacked elementor-shape-circle elementor-widget elementor-widget-icon\" data-id=\"a34e370\" data-element_type=\"widget\" data-e-type=\"widget\" data-widget_type=\"icon.default\">\n\t\t\t\t<div class=\"elementor-widget-container\">\n\t\t\t\t\t\t\t<div class=\"elementor-icon-wrapper\">\n\t\t\t<div class=\"elementor-icon\">\n\t\t\t<svg xmlns=\"http:\/\/www.w3.org\/2000\/svg\" id=\"Capa_1\" height=\"512\" viewBox=\"0 0 512 512\" width=\"512\"><g><path d=\"m442.916 396.921c-28.67-81.325-59.178-170.917-186.916-170.917-56.898 0-99.567 17.909-130.446 54.751-26.783 31.955-41.203 72.859-56.47 116.166-17.916 50.964 26.102 100.847 78.111 90.856 43.022-8.274 102.11-22.214 186.562-5.971l31.047 5.971c51.461 9.894 96.179-39.463 78.112-90.856zm-72.445 61.395c-43.913-8.445-107.638-23.326-197.894-5.971l-31.047 5.971c-29.322 5.64-54.38-22.465-44.152-51.421 28.543-80.967 53.194-150.891 158.622-150.891s130.079 69.925 158.623 150.892c10.238 28.983-14.867 57.059-44.152 51.42z\"><\/path><path d=\"m381.941 156.168c22.746-30.326 22.765-78.158 0-108.51-24.724-32.966-67.164-32.958-91.882 0-22.746 30.326-22.765 78.158 0 108.51 24.724 32.966 67.164 32.958 91.882 0zm-45.941-103.255c17.888 0 33 22.439 33 49s-15.112 49-33 49-33-22.439-33-49 15.112-49 33-49z\"><\/path><path d=\"m221.941 156.168c22.746-30.326 22.765-78.158 0-108.51-24.724-32.966-67.163-32.958-91.882 0-22.746 30.326-22.765 78.158 0 108.51 24.724 32.966 67.164 32.958 91.882 0zm-45.941-103.255c17.888 0 33 22.439 33 49s-15.112 49-33 49-33-22.439-33-49 15.112-49 33-49z\"><\/path><path d=\"m110 205.913c0-30.327-24.673-55-55-55s-55 24.673-55 55 24.673 55 55 55 55-24.673 55-55zm-55 25c-13.785 0-25-11.215-25-25s11.215-25 25-25 25 11.215 25 25-11.215 25-25 25z\"><\/path><path d=\"m457 150.913c-30.327 0-55 24.673-55 55s24.673 55 55 55 55-24.673 55-55-24.673-55-55-55zm0 80c-13.785 0-25-11.215-25-25s11.215-25 25-25 25 11.215 25 25-11.215 25-25 25z\"><\/path><path d=\"m296 342.913h-25v-25c0-8.284-6.716-15-15-15s-15 6.716-15 15v25h-25c-8.284 0-15 6.716-15 15s6.716 15 15 15h25v25c0 8.284 6.716 15 15 15s15-6.716 15-15v-25h25c8.284 0 15-6.716 15-15s-6.716-15-15-15z\"><\/path><\/g><\/svg>\t\t\t<\/div>\n\t\t<\/div>\n\t\t\t\t\t\t<\/div>\n\t\t\t\t<\/div>\n\t\t\t\t<div class=\"elementor-element elementor-element-3ffc6c1 elementor-widget elementor-widget-heading\" data-id=\"3ffc6c1\" data-element_type=\"widget\" data-e-type=\"widget\" data-widget_type=\"heading.default\">\n\t\t\t\t<div class=\"elementor-widget-container\">\n\t\t\t\t\t<h3 class=\"elementor-heading-title elementor-size-default\">Tier\u00e4rztliche Produkte<\/h3>\t\t\t\t<\/div>\n\t\t\t\t<\/div>\n\t\t\t\t<div class=\"elementor-element elementor-element-d7a8f49 elementor-widget elementor-widget-text-editor\" data-id=\"d7a8f49\" data-element_type=\"widget\" data-e-type=\"widget\" data-widget_type=\"text-editor.default\">\n\t\t\t\t<div class=\"elementor-widget-container\">\n\t\t\t\t\t\t\t\t\t<p>Wir arbeiten mit Tier\u00e4rzten zusammen und beliefern Tierarztpraxen mit Tierarzneimitteln und medizinischem Bedarf.<\/p>\n\t\t\t\t\t\t\t\t<\/div>\n\t\t\t\t<\/div>\n\t\t\t\t\t<\/div>\n\t\t\t\t<\/div>\n\t\t<div class=\"elementor-element elementor-element-d81b746 e-flex e-con-boxed e-con e-child\" data-id=\"d81b746\" data-element_type=\"container\" data-e-type=\"container\" data-settings=\"{&quot;background_background&quot;:&quot;classic&quot;}\">\n\t\t\t\t\t<div class=\"e-con-inner\">\n\t\t\t\t<div class=\"elementor-element elementor-element-7fdd96e elementor-view-stacked elementor-shape-circle elementor-widget elementor-widget-icon\" data-id=\"7fdd96e\" data-element_type=\"widget\" data-e-type=\"widget\" data-widget_type=\"icon.default\">\n\t\t\t\t<div class=\"elementor-widget-container\">\n\t\t\t\t\t\t\t<div class=\"elementor-icon-wrapper\">\n\t\t\t<div class=\"elementor-icon\">\n\t\t\t<svg xmlns=\"http:\/\/www.w3.org\/2000\/svg\" id=\"Capa_1\" height=\"512\" viewBox=\"0 0 512 512\" width=\"512\"><g><path d=\"m240.941 150.588v-135.529c0-8.317 6.742-15.059 15.059-15.059s15.059 6.742 15.059 15.059v45.176h135.529c3.994 0 7.824 1.587 10.648 4.411l45.176 45.176c5.881 5.881 5.881 15.416 0 21.296l-45.176 45.176c-2.824 2.824-6.654 4.411-10.648 4.411h-135.529v67.765h135.529c3.994 0 7.824 1.587 10.648 4.411l45.176 45.176c5.881 5.881 5.881 15.416 0 21.296l-45.176 45.176c-2.824 2.824-6.654 4.411-10.648 4.411h-135.529v112.941h120.471c8.317 0 15.059 6.742 15.059 15.059s-6.742 15.059-15.059 15.059h-271.059c-8.317 0-15.059-6.742-15.059-15.059s6.742-15.059 15.059-15.059h120.471v-210.822h-135.53c-3.994 0-7.824-1.587-10.648-4.411l-45.176-45.176c-5.881-5.881-5.881-15.416 0-21.296l45.176-45.176c2.824-2.824 6.654-4.411 10.648-4.411h135.529zm30.118 0h129.292l30.118-30.118-30.118-30.118h-129.292zm0 188.236h129.292l30.118-30.118-30.118-30.118h-129.292zm-30.118-158.118h-129.292l-30.118 30.118 30.118 30.118h129.292z\"><\/path><\/g><\/svg>\t\t\t<\/div>\n\t\t<\/div>\n\t\t\t\t\t\t<\/div>\n\t\t\t\t<\/div>\n\t\t\t\t<div class=\"elementor-element elementor-element-6fd2559 elementor-widget elementor-widget-heading\" data-id=\"6fd2559\" data-element_type=\"widget\" data-e-type=\"widget\" data-widget_type=\"heading.default\">\n\t\t\t\t<div class=\"elementor-widget-container\">\n\t\t\t\t\t<h3 class=\"elementor-heading-title elementor-size-default\">Alternative Vertriebskan\u00e4le<\/h3>\t\t\t\t<\/div>\n\t\t\t\t<\/div>\n\t\t\t\t<div class=\"elementor-element elementor-element-e95d6ff elementor-widget elementor-widget-text-editor\" data-id=\"e95d6ff\" data-element_type=\"widget\" data-e-type=\"widget\" data-widget_type=\"text-editor.default\">\n\t\t\t\t<div class=\"elementor-widget-container\">\n\t\t\t\t\t\t\t\t\t<p>Wir suchen nach alternativen Vertriebs- und Marketingkan\u00e4len, je nach den Bed\u00fcrfnissen des jeweiligen Produkts.<\/p>\n\t\t\t\t\t\t\t\t<\/div>\n\t\t\t\t<\/div>\n\t\t\t\t\t<\/div>\n\t\t\t\t<\/div>\n\t\t\t\t\t<\/div>\n\t\t\t\t<\/div>\n\t\t\t\t\t<\/div>\n\t\t\t\t<\/div>\n\t\t\t\t<\/div>\n\t\t","protected":false},"excerpt":{"rendered":"<p>Wenn Sie den Vertrieb auslagern, erhalten Sie qualifizierte und professionell geschulte Pharmareferenten, die Sie effektiv auf dem Markt vertreten und Ihnen damit viel Zeit und Kosten sparen.<\/p>\n","protected":false},"author":1,"featured_media":18337,"parent":0,"menu_order":0,"comment_status":"closed","ping_status":"closed","template":"","meta":{"footnotes":""},"class_list":["post-19677","page","type-page","status-publish","has-post-thumbnail","hentry"],"_links":{"self":[{"href":"https:\/\/alfamedicalteam.com\/de\/wp-json\/wp\/v2\/pages\/19677","targetHints":{"allow":["GET"]}}],"collection":[{"href":"https:\/\/alfamedicalteam.com\/de\/wp-json\/wp\/v2\/pages"}],"about":[{"href":"https:\/\/alfamedicalteam.com\/de\/wp-json\/wp\/v2\/types\/page"}],"author":[{"embeddable":true,"href":"https:\/\/alfamedicalteam.com\/de\/wp-json\/wp\/v2\/users\/1"}],"replies":[{"embeddable":true,"href":"https:\/\/alfamedicalteam.com\/de\/wp-json\/wp\/v2\/comments?post=19677"}],"version-history":[{"count":0,"href":"https:\/\/alfamedicalteam.com\/de\/wp-json\/wp\/v2\/pages\/19677\/revisions"}],"wp:featuredmedia":[{"embeddable":true,"href":"https:\/\/alfamedicalteam.com\/de\/wp-json\/wp\/v2\/media\/18337"}],"wp:attachment":[{"href":"https:\/\/alfamedicalteam.com\/de\/wp-json\/wp\/v2\/media?parent=19677"}],"curies":[{"name":"wp","href":"https:\/\/api.w.org\/{rel}","templated":true}]}}