{"id":19669,"date":"2024-04-05T09:54:58","date_gmt":"2024-04-05T07:54:58","guid":{"rendered":"https:\/\/alfamedicalteam.com\/datenschutzbestimmungen\/"},"modified":"2024-05-04T04:26:08","modified_gmt":"2024-05-04T02:26:08","slug":"datenschutzbestimmungen","status":"publish","type":"page","link":"https:\/\/alfamedicalteam.com\/de\/datenschutzbestimmungen\/","title":{"rendered":"Datenschutzbestimmungen"},"content":{"rendered":"\r\n<p>Das Unternehmen <strong>Alfa Medical Team, s.r.o.<\/strong> respektiert Ihr Recht auf Privatsph\u00e4re und das Recht, personenbezogene Daten zu sch\u00fctzen. Gleichzeitig verpflichtet es sich, alle erhobenen personenbezogenen Daten gewissenhaft zu sch\u00fctzen. Mit dieser <em>Erkl\u00e4rung zum Schutz personenbezogener Daten<\/em> legen wir die Regeln und Methoden zum Schutz personenbezogener Daten fest.<\/p>\r\n<p>&nbsp;<\/p>\r\n<h3 class=\"wp-block-heading\"><strong>Cookies<\/strong><\/h3>\r\n<p>&nbsp;<\/p>\r\n<p>Um die ordnungsgem\u00e4\u00dfe Funktion dieser Website sicherzustellen, speichern wir manchmal kleine Datendateien auf Ihrem Ger\u00e4t, die sogenannten Kekse. Dies ist eine g\u00e4ngige Praxis der meisten gro\u00dfen Websites.<\/p>\r\n<p><strong>Was sind Cookies?<\/strong><br \/>Ein Cookie ist eine kleine Textdatei, die eine Website auf Ihrem Computer oder Mobilger\u00e4t speichert, wenn Sie darauf surfen. Dank dieser Datei speichert die Website vor\u00fcbergehend Informationen \u00fcber Ihre Aktionen und Pr\u00e4ferenzen (wie Anmeldename, Sprache, Schriftgr\u00f6\u00dfe und andere Anzeigeeinstellungen), sodass Sie diese beim n\u00e4chsten Besuch oder Durchsuchen der Website nicht erneut eingeben m\u00fcssen einzelne Seiten.<\/p>\r\n<p><strong>Wie verwenden wir Cookies?<br \/><\/strong>Diese Websites verwenden Cookies, um Benutzereinstellungen zu speichern, Anzeigen besser an die Interessen der Besucher anzupassen und wesentliche Funktionen der Website sicherzustellen.<\/p>\r\n<p><strong>So kontrollieren Sie Cookies<br \/><\/strong>Sie k\u00f6nnen Cookies nach Ihrem Ermessen kontrollieren oder l\u00f6schen \u2013 Einzelheiten finden Sie unter aboutcookies.org. Sie k\u00f6nnen alle auf Ihrem Computer gespeicherten Cookies l\u00f6schen und die meisten Browser so einstellen, dass sie deren Speicherung verhindern. In diesem Fall m\u00fcssen Sie jedoch m\u00f6glicherweise einige Einstellungen bei jedem Besuch der Website manuell anpassen und einige Dienste und Funktionen funktionieren dann nicht.<\/p>\r\n<p><strong>So lehnen Sie die Verwendung von Cookies ab<\/strong><br \/>Die Verwendung von Cookies k\u00f6nnen Sie \u00fcber Ihren Internetbrowser einstellen. Die meisten Browser akzeptieren Cookies automatisch bereits in den Grundeinstellungen.<\/p>\r\n<p>&nbsp;<\/p>\r\n<h3><strong>Kauf von Waren<\/strong><\/h3>\r\n<p>&nbsp;<\/p>\r\n<p>Auf unserer Website k\u00f6nnen Benutzer (Kunden) Waren kaufen. F\u00fcr den Warenkauf ist keine Registrierung erforderlich, bei der Warenbestellung ist die Angabe personenbezogener Daten zum Zweck der Lieferung und Rechnungsstellung der bestellten Waren erforderlich.<\/p>\r\n<p>Das Unternehmen <strong>Alfa Medical Team, s.r.o.<\/strong> verpflichtet sich, die bereitgestellten personenbezogenen Daten zu sch\u00fctzen und alle Anstrengungen zu unternehmen, um sie vor unbefugter Nutzung zu sch\u00fctzen. Alfa Medical Team s.r.o. ist verantwortlich f\u00fcr die Verarbeitung personenbezogener Daten gem\u00e4\u00df der Verordnung 2016\/679 des Europ\u00e4ischen Parlaments und des EU-Rates vom 27. April 2016 zum Schutz nat\u00fcrlicher Personen bei der Verarbeitung personenbezogener Daten und zum freien Datenverkehr (im Folgenden genannt). gem\u00e4\u00df DSGVO) und gem\u00e4\u00df Gesetz Nr. 18\/2018 Z vom.<\/p>\r\n<p>Wir verarbeiten personenbezogene Daten unserer Kunden nur, soweit dies f\u00fcr die ordnungsgem\u00e4\u00dfe Abwicklung der Bestellung, Rechnungsstellung und Lieferung der Ware erforderlich ist. Unser Unternehmen gibt diese Daten nicht an Dritte weiter, mit Ausnahme der notwendigen Daten f\u00fcr das Buchhaltungsunternehmen und das Speditionsunternehmen, das die Lieferung der Waren an Sie sicherstellt. Der Kunde hat das Recht, jederzeit nach Absenden der Anfrage per E-Mail die von ihm \u00fcbermittelten Daten l\u00f6schen zu lassen.<\/p>\r\n<ol>\r\n<li><strong>Betroffene Personen (Vertragsparteien):<\/strong> K\u00e4ufer (Kunde) und Betreiber des Online-Shops (Alfa Medical Team, s.r.o., mit Sitz Priemyseln\u00e1 6, 917 05 Trnava, ID: 46841148)<\/li>\r\n<li><strong>Liste der im Rahmen des Bestellvorgangs verarbeiteten personenbezogenen Daten:<\/strong> Vorname, Nachname, Land, Stra\u00dfe, Postleitzahl, Ort, Telefonkontakt, E-Mail-Adresse.<\/li>\r\n<li><strong>Zwecke der Verarbeitung personenbezogener Daten:<\/strong> Ausstellung eines Steuerbelegs, Kontaktaufnahme mit dem Kunden bez\u00fcglich der Bestellung, Vertragserf\u00fcllung. Die Verarbeitung personenbezogener Daten ist f\u00fcr die Erf\u00fcllung eines Vertrages, dessen Vertragspartei der Kunde (Betroffener) ist, oder zur Durchf\u00fchrung vorvertraglicher Ma\u00dfnahmen aufgrund der Anfrage (Bestellung) des Kunden (Betroffener) erforderlich. Personenbezogene Daten d\u00fcrfen nicht in einer Weise weiterverarbeitet werden, die mit diesen Zwecken nicht vereinbar ist.<\/li>\r\n<li><strong>Empf\u00e4nger:<\/strong> Buchhaltungsunternehmen, Spedition.<\/li>\r\n<li><strong>Rechtsgrundlage f\u00fcr die Verarbeitung personenbezogener Daten:<\/strong> a) Die Verarbeitung personenbezogener Daten (Vorname, Nachname, Land, Stra\u00dfe, Postleitzahl, Ort) ist aufgrund einer Sonderregelung oder eines internationalen Abkommens erforderlich an die die Slowakische Republik gebunden ist. Vor allem laut Gesetz Nr. 222\/2004 Slg. zur Mehrwertsteuer. F\u00fcr den Fall, dass der Kunde (betroffene Person) dem Betreiber des Online-Shops (Alfa Medical Team, s.r.o.) personenbezogene Daten nicht im angegebenen Umfang zur Verf\u00fcgung stellt, kann der Betreiber keinen Vertrag mit ihm abschlie\u00dfen. b) Die Verarbeitung personenbezogener Daten (E-Mail, Telefonkontakt) ist zur Vertragserf\u00fcllung erforderlich.<\/li>\r\n<li><strong>Speicherdauer personenbezogener Daten:<\/strong> richtet sich nach der Pflicht zur Archivierung von Buchhaltungsunterlagen und betr\u00e4gt 10 Jahre, vor allem gem\u00e4\u00df Gesetz Nr. 431\/2002 Slg. \u00fcber die Buchhaltung und das Gesetz Nr. 222\/2004 Slg. zur Mehrwertsteuer.<\/li>\r\n<\/ol>\r\n<p><em>Mit der Zustimmung zu den Allgemeinen Gesch\u00e4ftsbedingungen erteilt der Kunde (betroffene Person) dem Betreiber des Online-Shops (Alfa Medical Team, s.r.o.) seine ausdr\u00fcckliche und vorbehaltlose Zustimmung zur Verarbeitung seiner personenbezogenen Daten zu den oben genannten Zwecken Zwecke, im oben genannten Zeitraum und im oben genannten Umfang. Der Kunde (betroffene Person) hat das Recht, seine Einwilligung jederzeit zu widerrufen. Durch den Widerruf der Einwilligung wird die Rechtm\u00e4\u00dfigkeit der aufgrund der Einwilligung bis zum Widerruf erfolgten Verarbeitung nicht ber\u00fchrt. Der Kunde (betroffene Person) ist verpflichtet, wahrheitsgem\u00e4\u00dfe und aktuelle personenbezogene Daten anzugeben.<\/em><\/p>\r\n<p>Der Kunde (die betroffene Person) hat das Recht, eine Beschwerde bei der Aufsichtsbeh\u00f6rde einzureichen, das Recht, der Verarbeitung personenbezogener Daten zu widersprechen, das Recht, vom Betreiber des Online-Shops (Alfa Medical Team, s.r.o.) ) Zugang zu den ihn (betroffenen Person) betreffenden personenbezogenen Daten, das Recht auf Berichtigung oder L\u00f6schung oder Einschr\u00e4nkung der Verarbeitung personenbezogener Daten sowie das Recht auf Daten\u00fcbertragbarkeit. Wenn Sie Kommentare, Kommentare oder Fragen zu den genannten Rechten oder zu diesem Thema haben, kontaktieren Sie uns bitte unter der E-Mail-Adresse: <strong><span style=\"color: #dc207e;\"><a style=\"color: #dc207e;\" href=\"maito:info@alfamedicalteam.com\">info@alfamedicalteam.com<\/a><\/span><\/strong><\/p>\r\n<p>Im Falle von \u00c4nderungen an dieser <em>Datenschutzerkl\u00e4rung<\/em> wird diese auf der Website von Alfa Medical Team s.r.o. aktualisiert.<\/p>\r\n<p>&nbsp;<\/p>\r\n<p><strong>Die \u00dcberwachung erfolgt durch:<\/strong><br \/>SOI-Inspektion f\u00fcr die Region Trnava<br \/>Trhov\u00e1 2, 917 01 Trnava<br \/>Abteilung f\u00fcr technische Produktkontrolle und Verbraucherschutz<br \/>Tel. Nr.: 033\/541 26 89<br \/>Fax-Nr.: 033\/551 26 56<br \/>E-Mail:\u00a0<span style=\"color: #dc207e;\"><strong><a style=\"color: #dc207e;\" href=\"mailto:tt@soi.sk\">tt@soi.sk<\/a><\/strong><\/span><\/p>","protected":false},"excerpt":{"rendered":"<p>Das Unternehmen Alfa Medical Team, s.r.o. respektiert Ihr Recht auf Privatsph\u00e4re und das Recht, personenbezogene Daten zu sch\u00fctzen. Gleichzeitig verpflichtet es sich, alle erhobenen personenbezogenen Daten gewissenhaft zu sch\u00fctzen. Mit dieser Erkl\u00e4rung zum Schutz personenbezogener Daten legen wir die Regeln und Methoden zum Schutz personenbezogener Daten fest. &nbsp; Cookies &nbsp; Um die ordnungsgem\u00e4\u00dfe Funktion dieser [&hellip;]<\/p>\n","protected":false},"author":1,"featured_media":0,"parent":0,"menu_order":0,"comment_status":"closed","ping_status":"closed","template":"","meta":{"footnotes":""},"class_list":["post-19669","page","type-page","status-publish","hentry"],"_links":{"self":[{"href":"https:\/\/alfamedicalteam.com\/de\/wp-json\/wp\/v2\/pages\/19669","targetHints":{"allow":["GET"]}}],"collection":[{"href":"https:\/\/alfamedicalteam.com\/de\/wp-json\/wp\/v2\/pages"}],"about":[{"href":"https:\/\/alfamedicalteam.com\/de\/wp-json\/wp\/v2\/types\/page"}],"author":[{"embeddable":true,"href":"https:\/\/alfamedicalteam.com\/de\/wp-json\/wp\/v2\/users\/1"}],"replies":[{"embeddable":true,"href":"https:\/\/alfamedicalteam.com\/de\/wp-json\/wp\/v2\/comments?post=19669"}],"version-history":[{"count":0,"href":"https:\/\/alfamedicalteam.com\/de\/wp-json\/wp\/v2\/pages\/19669\/revisions"}],"wp:attachment":[{"href":"https:\/\/alfamedicalteam.com\/de\/wp-json\/wp\/v2\/media?parent=19669"}],"curies":[{"name":"wp","href":"https:\/\/api.w.org\/{rel}","templated":true}]}}