{"id":19661,"date":"2024-04-05T10:07:01","date_gmt":"2024-04-05T08:07:01","guid":{"rendered":"https:\/\/alfamedicalteam.com\/verkaufsteam\/"},"modified":"2024-05-02T19:55:35","modified_gmt":"2024-05-02T17:55:35","slug":"verkaufsteam","status":"publish","type":"page","link":"https:\/\/alfamedicalteam.com\/de\/verkaufsteam\/","title":{"rendered":"Verkaufsteam"},"content":{"rendered":"\t\t<div data-elementor-type=\"wp-page\" data-elementor-id=\"19661\" class=\"elementor elementor-19661 elementor-21\" data-elementor-post-type=\"page\">\n\t\t\t\t<div class=\"elementor-element elementor-element-a5f2b05 e-flex e-con-boxed e-con e-parent\" data-id=\"a5f2b05\" data-element_type=\"container\" data-e-type=\"container\">\n\t\t\t\t\t<div class=\"e-con-inner\">\n\t\t\t\t<div class=\"elementor-element elementor-element-cfeb524 elementor-widget elementor-widget-template\" data-id=\"cfeb524\" data-element_type=\"widget\" data-e-type=\"widget\" data-widget_type=\"template.default\">\n\t\t\t\t<div class=\"elementor-widget-container\">\n\t\t\t\t\t\t\t<div class=\"elementor-template\">\n\t\t\t\t\t<div data-elementor-type=\"section\" data-elementor-id=\"19712\" class=\"elementor elementor-19712 elementor-16859\" data-elementor-post-type=\"elementor_library\">\n\t\t\t<div class=\"elementor-element elementor-element-318b275 e-con-full e-flex e-con e-child\" data-id=\"318b275\" data-element_type=\"container\" data-e-type=\"container\" data-settings=\"{&quot;background_background&quot;:&quot;classic&quot;}\">\n\t\t<div class=\"elementor-element elementor-element-06a66bd e-con-full e-flex e-con e-child\" data-id=\"06a66bd\" data-element_type=\"container\" data-e-type=\"container\">\n\t\t<div class=\"elementor-element elementor-element-9fd5893 e-con-full e-flex e-con e-child\" data-id=\"9fd5893\" data-element_type=\"container\" data-e-type=\"container\">\n\t\t\t\t<div class=\"elementor-element elementor-element-4a5ec7e elementor-widget elementor-widget-shortcode\" data-id=\"4a5ec7e\" data-element_type=\"widget\" data-e-type=\"widget\" data-widget_type=\"shortcode.default\">\n\t\t\t\t<div class=\"elementor-widget-container\">\n\t\t\t\t\t\t\t<div class=\"elementor-shortcode\"><nav aria-label=\"breadcrumbs\" class=\"rank-math-breadcrumb\"><p><span class=\"last\">Startseite<\/span><\/p><\/nav><\/div>\n\t\t\t\t\t\t<\/div>\n\t\t\t\t<\/div>\n\t\t\t\t<div class=\"elementor-element elementor-element-be3ecf0 elementor-widget elementor-widget-heading\" data-id=\"be3ecf0\" data-element_type=\"widget\" data-e-type=\"widget\" data-widget_type=\"heading.default\">\n\t\t\t\t<div class=\"elementor-widget-container\">\n\t\t\t\t\t<h1 class=\"elementor-heading-title elementor-size-default\">Verkaufsteam<\/h1>\t\t\t\t<\/div>\n\t\t\t\t<\/div>\n\t\t\t\t<div class=\"elementor-element elementor-element-41da7e0 elementor-widget elementor-widget-text-editor\" data-id=\"41da7e0\" data-element_type=\"widget\" data-e-type=\"widget\" data-widget_type=\"text-editor.default\">\n\t\t\t\t<div class=\"elementor-widget-container\">\n\t\t\t\t\t\t\t\t\tDie Outsourcing-Dienstleistungen und die Unterst\u00fctzung von Partnerunternehmen in Apotheken und Fach\u00e4rzten auf dem slowakischen Pharma- und Medizinmarkt werden von mehreren professionell ausgebildeten Teams erbracht, die t\u00e4glich miteinander kooperieren und von Teamleitern und einem Manager, der sich um die Apothekenvertriebe und -ketten k\u00fcmmert, geleitet werden.\t\t\t\t\t\t\t\t<\/div>\n\t\t\t\t<\/div>\n\t\t\t\t<\/div>\n\t\t<div class=\"elementor-element elementor-element-cbea8e7 e-con-full e-flex e-con e-child\" data-id=\"cbea8e7\" data-element_type=\"container\" data-e-type=\"container\" data-settings=\"{&quot;background_background&quot;:&quot;classic&quot;}\">\n\t\t\t\t<div class=\"elementor-element elementor-element-f7984da elementor-widget elementor-widget-spacer\" data-id=\"f7984da\" data-element_type=\"widget\" data-e-type=\"widget\" data-widget_type=\"spacer.default\">\n\t\t\t\t<div class=\"elementor-widget-container\">\n\t\t\t\t\t\t\t<div class=\"elementor-spacer\">\n\t\t\t<div class=\"elementor-spacer-inner\"><\/div>\n\t\t<\/div>\n\t\t\t\t\t\t<\/div>\n\t\t\t\t<\/div>\n\t\t\t\t<\/div>\n\t\t\t\t<\/div>\n\t\t\t\t<\/div>\n\t\t\t\t<\/div>\n\t\t\t\t<\/div>\n\t\t\t\t\t\t<\/div>\n\t\t\t\t<\/div>\n\t\t\t\t\t<\/div>\n\t\t\t\t<\/div>\n\t\t<div class=\"elementor-element elementor-element-ec31ca5 e-flex e-con-boxed e-con e-parent\" data-id=\"ec31ca5\" data-element_type=\"container\" data-e-type=\"container\">\n\t\t\t\t\t<div class=\"e-con-inner\">\n\t\t<div class=\"elementor-element elementor-element-2796516 e-flex e-con-boxed e-con e-child\" data-id=\"2796516\" data-element_type=\"container\" data-e-type=\"container\">\n\t\t\t\t\t<div class=\"e-con-inner\">\n\t\t<div class=\"elementor-element elementor-element-59d1712 animated-fast e-flex e-con-boxed elementor-invisible e-con e-child\" data-id=\"59d1712\" data-element_type=\"container\" data-e-type=\"container\" data-settings=\"{&quot;animation&quot;:&quot;fadeInUp&quot;}\">\n\t\t\t\t\t<div class=\"e-con-inner\">\n\t\t\t\t<div class=\"elementor-element elementor-element-e03cab3 elementor-view-stacked elementor-shape-circle elementor-widget elementor-widget-icon\" data-id=\"e03cab3\" data-element_type=\"widget\" data-e-type=\"widget\" data-widget_type=\"icon.default\">\n\t\t\t\t<div class=\"elementor-widget-container\">\n\t\t\t\t\t\t\t<div class=\"elementor-icon-wrapper\">\n\t\t\t<div class=\"elementor-icon\">\n\t\t\t<svg xmlns=\"http:\/\/www.w3.org\/2000\/svg\" height=\"512pt\" viewBox=\"-2 0 512 512.001\" width=\"512pt\"><path d=\"m452.070312 346.109375-126.070312-33.15625v-54.929687c25.027344-20.742188 41-52.050782 41-87.023438v-58c0-62.308594-50.691406-113-113-113s-113 50.691406-113 113v58c0 34.972656 15.96875 66.28125 41 87.023438v54.929687l-126.074219 33.15625c-33.449219 8.796875-55.925781 37.945313-55.925781 72.535156v78.242188c0 8.285156 6.714844 15 15 15s15-6.714844 15-15v-78.242188c0-20.753906 13.484375-38.242187 33.558594-43.523437l128.925781-33.90625 46.515625 46.519531v109.265625c0 8.285156 6.714844 15 15 15s15-6.714844 15-15v-108.785156l46.894531-46.898438 128.546875 33.804688c20.070313 5.28125 33.558594 22.769531 33.558594 43.523437v78.246094c0 8.285156 6.714844 15 15 15 8.28125 0 15-6.714844 15-15v-78.246094c0-34.589843-22.476562-63.738281-55.929688-72.535156zm-115.109374-234.613281c-18.855469-7.730469-34.972657-21.039063-46.117188-38.339844 4.242188-9.253906 7.382812-19.003906 9.34375-29.078125 21.792969 14.652344 36.269531 39.359375 36.773438 67.417969zm-82.960938-81.496094c6.085938 0 12.015625.679688 17.734375 1.929688-6.433594 46.511718-48.347656 88.179687-100.734375 87.117187v-6.046875c0-45.765625 37.234375-83 83-83zm-83 141v-21.585938c36.449219.871094 70.570312-16.414062 91.609375-36.605468 4-3.835938 7.71875-7.894532 11.15625-12.144532 16.285156 20.179688 38.253906 35.074219 63.234375 42.6875v27.648438c0 45.765625-37.234375 83-83 83-45.769531 0-83-37.234375-83-83zm83 113c14.835938 0 29.007812-2.878906 42-8.097656v42.882812l-41.761719 41.761719-42.238281-42.238281v-42.40625c12.988281 5.21875 27.164062 8.097656 42 8.097656zm0 0\"><\/path><path d=\"m401.5 437.324219h-15.5v-14.824219c0-8.285156-6.71875-15-15-15-8.285156 0-15 6.714844-15 15v14.824219h-15.5c-8.285156 0-15 6.714843-15 14.996093 0 8.285157 6.714844 15 15 15h15.5v16.179688c0 8.28125 6.714844 15 15 15 8.28125 0 15-6.71875 15-15v-16.179688h15.5c8.28125 0 15-6.714843 15-15 0-8.28125-6.71875-14.996093-15-14.996093zm0 0\"><\/path><\/svg>\t\t\t<\/div>\n\t\t<\/div>\n\t\t\t\t\t\t<\/div>\n\t\t\t\t<\/div>\n\t\t\t\t<div class=\"elementor-element elementor-element-7a5e5d8 elementor-widget elementor-widget-heading\" data-id=\"7a5e5d8\" data-element_type=\"widget\" data-e-type=\"widget\" data-widget_type=\"heading.default\">\n\t\t\t\t<div class=\"elementor-widget-container\">\n\t\t\t\t\t<h3 class=\"elementor-heading-title elementor-size-default\">Verkauf von Produkten<\/h3>\t\t\t\t<\/div>\n\t\t\t\t<\/div>\n\t\t\t\t<div class=\"elementor-element elementor-element-8f71fa2 elementor-widget elementor-widget-text-editor\" data-id=\"8f71fa2\" data-element_type=\"widget\" data-e-type=\"widget\" data-widget_type=\"text-editor.default\">\n\t\t\t\t<div class=\"elementor-widget-container\">\n\t\t\t\t\t\t\t\t\t<p>Die direkten Produktverkaufs- und Marketingaktivit\u00e4ten werden von dem medizinischen Vertreter durch regelm\u00e4\u00dfige Besuche in den Apotheken der Region durchgef\u00fchrt. Er steht w\u00e4hrend des gesamten Vertriebsprozesses in engem Kontakt mit der Apotheke oder dem Arzt.<\/p>\n\t\t\t\t\t\t\t\t<\/div>\n\t\t\t\t<\/div>\n\t\t\t\t\t<\/div>\n\t\t\t\t<\/div>\n\t\t<div class=\"elementor-element elementor-element-82aa7ee e-flex e-con-boxed elementor-invisible e-con e-child\" data-id=\"82aa7ee\" data-element_type=\"container\" data-e-type=\"container\" data-settings=\"{&quot;animation&quot;:&quot;fadeInUp&quot;}\">\n\t\t\t\t\t<div class=\"e-con-inner\">\n\t\t\t\t<div class=\"elementor-element elementor-element-cbc1ad8 elementor-view-stacked elementor-shape-circle elementor-widget elementor-widget-icon\" data-id=\"cbc1ad8\" data-element_type=\"widget\" data-e-type=\"widget\" data-widget_type=\"icon.default\">\n\t\t\t\t<div class=\"elementor-widget-container\">\n\t\t\t\t\t\t\t<div class=\"elementor-icon-wrapper\">\n\t\t\t<div class=\"elementor-icon\">\n\t\t\t<svg xmlns=\"http:\/\/www.w3.org\/2000\/svg\" id=\"left_right_transfer_double_sided_exchange_horizontal_bidirectional_symbol_direction_navigation\" viewBox=\"0 0 32 32\"><path d=\"m25 30h-18c-2.76 0-5-2.24-5-5v-18c0-2.76 2.24-5 5-5h18c2.76 0 5 2.24 5 5v18c0 2.76-2.24 5-5 5zm-18-26c-1.65 0-3 1.35-3 3v18c0 1.65 1.35 3 3 3h18c1.65 0 3-1.35 3-3v-18c0-1.65-1.35-3-3-3z\"><\/path><g><path d=\"m24 20h-13.59l2.29-2.29c.94-.94-.48-2.35-1.41-1.41l-4 4c-.39.39-.37 1.05 0 1.41l4 4c.93.93 2.35-.48 1.41-1.41l-2.29-2.29h13.59c1.32 0 1.32-2 0-2z\"><\/path><path d=\"m8 12h13.59l-2.29 2.29c-.94.94.49 2.34 1.41 1.41l4-4s.01-.02.02-.03c.4-.42.31-1.05-.02-1.38l-4-4c-.94-.94-2.35.48-1.41 1.41l2.29 2.29h-13.59c-1.32 0-1.32 2 0 2z\"><\/path><\/g><\/svg>\t\t\t<\/div>\n\t\t<\/div>\n\t\t\t\t\t\t<\/div>\n\t\t\t\t<\/div>\n\t\t\t\t<div class=\"elementor-element elementor-element-dc27b72 elementor-widget elementor-widget-heading\" data-id=\"dc27b72\" data-element_type=\"widget\" data-e-type=\"widget\" data-widget_type=\"heading.default\">\n\t\t\t\t<div class=\"elementor-widget-container\">\n\t\t\t\t\t<h3 class=\"elementor-heading-title elementor-size-default\">\u00dcberweisungsauftr\u00e4ge<\/h3>\t\t\t\t<\/div>\n\t\t\t\t<\/div>\n\t\t\t\t<div class=\"elementor-element elementor-element-24c6106 elementor-widget elementor-widget-text-editor\" data-id=\"24c6106\" data-element_type=\"widget\" data-e-type=\"widget\" data-widget_type=\"text-editor.default\">\n\t\t\t\t<div class=\"elementor-widget-container\">\n\t\t\t\t\t\t\t\t\t<p>\u00dcberweisungsbestellungen werden per elektronischem \u00dcberweisungsauftrag \u00fcber das eOrdering-System aufgegeben und durch den von der Apotheke gew\u00fcnschten H\u00e4ndler ausgef\u00fchrt. Wir arbeiten mit allen wichtigen Vertriebsh\u00e4ndlern in der Slowakischen Republik zusammen, darunter auch mit Veterin\u00e4rh\u00e4ndlern.<\/p>\n\t\t\t\t\t\t\t\t<\/div>\n\t\t\t\t<\/div>\n\t\t\t\t\t<\/div>\n\t\t\t\t<\/div>\n\t\t<div class=\"elementor-element elementor-element-21b4d5b animated-slow e-flex e-con-boxed elementor-invisible e-con e-child\" data-id=\"21b4d5b\" data-element_type=\"container\" data-e-type=\"container\" data-settings=\"{&quot;animation&quot;:&quot;fadeInUp&quot;}\">\n\t\t\t\t\t<div class=\"e-con-inner\">\n\t\t\t\t<div class=\"elementor-element elementor-element-91988b2 elementor-view-stacked elementor-shape-circle elementor-widget elementor-widget-icon\" data-id=\"91988b2\" data-element_type=\"widget\" data-e-type=\"widget\" data-widget_type=\"icon.default\">\n\t\t\t\t<div class=\"elementor-widget-container\">\n\t\t\t\t\t\t\t<div class=\"elementor-icon-wrapper\">\n\t\t\t<div class=\"elementor-icon\">\n\t\t\t<svg xmlns=\"http:\/\/www.w3.org\/2000\/svg\" height=\"512pt\" viewBox=\"0 0 512.00053 512\" width=\"512pt\"><path d=\"m396.746094 334.113281c-6.136719-6.074219-16.023438-5.6875-21.703125.625l-9.519531 10.574219-23.515626-23.515625c29.269532-34.117187 46.984376-78.429687 46.984376-126.800781 0-107.519532-87.476563-194.996094-194.996094-194.996094-107.671875 0-193.996094 87.128906-193.996094 194.996094 0 107.65625 86.128906 194.996094 193.996094 194.996094 48.371094 0 92.683594-17.710938 126.800781-46.980469l24.628906 24.628906-10.570312 11.75c-5.359375 5.953125-5.09375 15.0625.59375 20.695313l99.722656 98.722656c17.589844 17.585937 46.042969 17.589844 63.636719 0 17.519531-17.519532 17.679687-45.953125-.054688-63.6875zm-366.746094-139.117187c0-90.980469 73.566406-164.996094 163.996094-164.996094 90.980468 0 164.996094 74.015625 164.996094 164.996094 0 90.980468-74.015626 164.996094-164.996094 164.996094-90.429688 0-163.996094-74.015626-163.996094-164.996094zm447.59375 282.597656c-5.796875 5.796875-15.253906 5.957031-21.261719-.050781l-89.613281-88.714844 20.097656-22.328125 90.777344 89.886719c5.847656 5.847656 5.847656 15.359375 0 21.207031zm0 0\"><\/path><path d=\"m326.871094 187.308594c-2.371094-3.972656-58.9375-97.308594-132.875-97.308594s-130.503906 93.335938-132.878906 97.308594c-2.824219 4.734375-2.824219 10.640625 0 15.375 2.375 3.972656 58.941406 97.308594 132.878906 97.308594s130.503906-93.335938 132.875-97.308594c2.828125-4.734375 2.828125-10.640625 0-15.375zm-132.875 82.6875c-46.425782 0-88.078125-54.503906-102.105469-75.011719 22.507813-32.953125 62.058594-74.988281 102.105469-74.988281 46.417968 0 88.066406 54.492187 102.101562 75.015625-22.5 32.949219-62.054687 74.984375-102.101562 74.984375zm0 0\"><\/path><path d=\"m193.996094 149.996094c-24.8125 0-45 20.1875-45 45s20.1875 45 45 45 45-20.1875 45-45-20.1875-45-45-45zm0 60c-8.269532 0-15-6.730469-15-15 0-8.269532 6.730468-15 15-15 8.269531 0 15 6.730468 15 15 0 8.269531-6.730469 15-15 15zm0 0\"><\/path><\/svg>\t\t\t<\/div>\n\t\t<\/div>\n\t\t\t\t\t\t<\/div>\n\t\t\t\t<\/div>\n\t\t\t\t<div class=\"elementor-element elementor-element-108dbf4 elementor-widget elementor-widget-heading\" data-id=\"108dbf4\" data-element_type=\"widget\" data-e-type=\"widget\" data-widget_type=\"heading.default\">\n\t\t\t\t<div class=\"elementor-widget-container\">\n\t\t\t\t\t<h3 class=\"elementor-heading-title elementor-size-default\">Regelm\u00e4\u00dfige Berichterstattung<\/h3>\t\t\t\t<\/div>\n\t\t\t\t<\/div>\n\t\t\t\t<div class=\"elementor-element elementor-element-15ec8f2 elementor-widget elementor-widget-text-editor\" data-id=\"15ec8f2\" data-element_type=\"widget\" data-e-type=\"widget\" data-widget_type=\"text-editor.default\">\n\t\t\t\t<div class=\"elementor-widget-container\">\n\t\t\t\t\t\t\t\t\t<p>Die regelm\u00e4\u00dfige Berichterstattung \u00fcber die Vertriebs- und Marketingaktivit\u00e4ten unserer Teams an die Partnerunternehmen ist eine Selbstverst\u00e4ndlichkeit.<\/p>\n\t\t\t\t\t\t\t\t<\/div>\n\t\t\t\t<\/div>\n\t\t\t\t\t<\/div>\n\t\t\t\t<\/div>\n\t\t\t\t\t<\/div>\n\t\t\t\t<\/div>\n\t\t\t\t\t<\/div>\n\t\t\t\t<\/div>\n\t\t\t\t<\/div>\n\t\t","protected":false},"excerpt":{"rendered":"<p>Die Outsourcing-Dienstleistungen und die Unterst\u00fctzung von Partnerunternehmen in Apotheken und Fach\u00e4rzten auf dem slowakischen Pharma- und Medizinmarkt werden von mehreren professionell ausgebildeten Teams erbracht, die t\u00e4glich miteinander kooperieren und von Teamleitern und einem Manager, der sich um die Apothekenvertriebe und -ketten k\u00fcmmert, geleitet werden.<\/p>\n","protected":false},"author":1,"featured_media":18384,"parent":0,"menu_order":0,"comment_status":"closed","ping_status":"closed","template":"","meta":{"footnotes":""},"class_list":["post-19661","page","type-page","status-publish","has-post-thumbnail","hentry"],"_links":{"self":[{"href":"https:\/\/alfamedicalteam.com\/de\/wp-json\/wp\/v2\/pages\/19661","targetHints":{"allow":["GET"]}}],"collection":[{"href":"https:\/\/alfamedicalteam.com\/de\/wp-json\/wp\/v2\/pages"}],"about":[{"href":"https:\/\/alfamedicalteam.com\/de\/wp-json\/wp\/v2\/types\/page"}],"author":[{"embeddable":true,"href":"https:\/\/alfamedicalteam.com\/de\/wp-json\/wp\/v2\/users\/1"}],"replies":[{"embeddable":true,"href":"https:\/\/alfamedicalteam.com\/de\/wp-json\/wp\/v2\/comments?post=19661"}],"version-history":[{"count":0,"href":"https:\/\/alfamedicalteam.com\/de\/wp-json\/wp\/v2\/pages\/19661\/revisions"}],"wp:featuredmedia":[{"embeddable":true,"href":"https:\/\/alfamedicalteam.com\/de\/wp-json\/wp\/v2\/media\/18384"}],"wp:attachment":[{"href":"https:\/\/alfamedicalteam.com\/de\/wp-json\/wp\/v2\/media?parent=19661"}],"curies":[{"name":"wp","href":"https:\/\/api.w.org\/{rel}","templated":true}]}}