{"id":19645,"date":"2024-04-05T10:07:11","date_gmt":"2024-04-05T08:07:11","guid":{"rendered":"https:\/\/alfamedicalteam.com\/angebot-fuer-unternehmen\/"},"modified":"2024-05-02T19:46:58","modified_gmt":"2024-05-02T17:46:58","slug":"angebot-fuer-unternehmen","status":"publish","type":"page","link":"https:\/\/alfamedicalteam.com\/de\/angebot-fuer-unternehmen\/","title":{"rendered":"Angebot f\u00fcr Unternehmen"},"content":{"rendered":"\t\t<div data-elementor-type=\"wp-page\" data-elementor-id=\"19645\" class=\"elementor elementor-19645 elementor-23\" data-elementor-post-type=\"page\">\n\t\t\t\t<div class=\"elementor-element elementor-element-a5ae25c e-flex e-con-boxed e-con e-parent\" data-id=\"a5ae25c\" data-element_type=\"container\" data-e-type=\"container\">\n\t\t\t\t\t<div class=\"e-con-inner\">\n\t\t\t\t<div class=\"elementor-element elementor-element-6af73c3 elementor-widget elementor-widget-template\" data-id=\"6af73c3\" data-element_type=\"widget\" data-e-type=\"widget\" data-widget_type=\"template.default\">\n\t\t\t\t<div class=\"elementor-widget-container\">\n\t\t\t\t\t\t\t<div class=\"elementor-template\">\n\t\t\t\t\t<div data-elementor-type=\"section\" data-elementor-id=\"19712\" class=\"elementor elementor-19712 elementor-16859\" data-elementor-post-type=\"elementor_library\">\n\t\t\t<div class=\"elementor-element elementor-element-318b275 e-con-full e-flex e-con e-child\" data-id=\"318b275\" data-element_type=\"container\" data-e-type=\"container\" data-settings=\"{&quot;background_background&quot;:&quot;classic&quot;}\">\n\t\t<div class=\"elementor-element elementor-element-06a66bd e-con-full e-flex e-con e-child\" data-id=\"06a66bd\" data-element_type=\"container\" data-e-type=\"container\">\n\t\t<div class=\"elementor-element elementor-element-9fd5893 e-con-full e-flex e-con e-child\" data-id=\"9fd5893\" data-element_type=\"container\" data-e-type=\"container\">\n\t\t\t\t<div class=\"elementor-element elementor-element-4a5ec7e elementor-widget elementor-widget-shortcode\" data-id=\"4a5ec7e\" data-element_type=\"widget\" data-e-type=\"widget\" data-widget_type=\"shortcode.default\">\n\t\t\t\t<div class=\"elementor-widget-container\">\n\t\t\t\t\t\t\t<div class=\"elementor-shortcode\"><nav aria-label=\"breadcrumbs\" class=\"rank-math-breadcrumb\"><p><span class=\"last\">Startseite<\/span><\/p><\/nav><\/div>\n\t\t\t\t\t\t<\/div>\n\t\t\t\t<\/div>\n\t\t\t\t<div class=\"elementor-element elementor-element-be3ecf0 elementor-widget elementor-widget-heading\" data-id=\"be3ecf0\" data-element_type=\"widget\" data-e-type=\"widget\" data-widget_type=\"heading.default\">\n\t\t\t\t<div class=\"elementor-widget-container\">\n\t\t\t\t\t<h1 class=\"elementor-heading-title elementor-size-default\">Angebot f\u00fcr Unternehmen<\/h1>\t\t\t\t<\/div>\n\t\t\t\t<\/div>\n\t\t\t\t<div class=\"elementor-element elementor-element-41da7e0 elementor-widget elementor-widget-text-editor\" data-id=\"41da7e0\" data-element_type=\"widget\" data-e-type=\"widget\" data-widget_type=\"text-editor.default\">\n\t\t\t\t<div class=\"elementor-widget-container\">\n\t\t\t\t\t\t\t\t\tSozialleistungen und Verg\u00fcnstigungen sind f\u00fcr erfolgreiche Unternehmen ein wichtiges Instrument, um qualifizierte, verantwortungsbewusste und loyale Mitarbeiter zu gewinnen und zu halten.\t\t\t\t\t\t\t\t<\/div>\n\t\t\t\t<\/div>\n\t\t\t\t<\/div>\n\t\t<div class=\"elementor-element elementor-element-cbea8e7 e-con-full e-flex e-con e-child\" data-id=\"cbea8e7\" data-element_type=\"container\" data-e-type=\"container\" data-settings=\"{&quot;background_background&quot;:&quot;classic&quot;}\">\n\t\t\t\t<div class=\"elementor-element elementor-element-f7984da elementor-widget elementor-widget-spacer\" data-id=\"f7984da\" data-element_type=\"widget\" data-e-type=\"widget\" data-widget_type=\"spacer.default\">\n\t\t\t\t<div class=\"elementor-widget-container\">\n\t\t\t\t\t\t\t<div class=\"elementor-spacer\">\n\t\t\t<div class=\"elementor-spacer-inner\"><\/div>\n\t\t<\/div>\n\t\t\t\t\t\t<\/div>\n\t\t\t\t<\/div>\n\t\t\t\t<\/div>\n\t\t\t\t<\/div>\n\t\t\t\t<\/div>\n\t\t\t\t<\/div>\n\t\t\t\t<\/div>\n\t\t\t\t\t\t<\/div>\n\t\t\t\t<\/div>\n\t\t\t\t\t<\/div>\n\t\t\t\t<\/div>\n\t\t<div class=\"elementor-element elementor-element-35a2409 e-flex e-con-boxed e-con e-parent\" data-id=\"35a2409\" data-element_type=\"container\" data-e-type=\"container\">\n\t\t\t\t\t<div class=\"e-con-inner\">\n\t\t<div class=\"elementor-element elementor-element-531a5a5 e-flex e-con-boxed e-con e-child\" data-id=\"531a5a5\" data-element_type=\"container\" data-e-type=\"container\">\n\t\t\t\t\t<div class=\"e-con-inner\">\n\t\t<div class=\"elementor-element elementor-element-9d5d31f e-con-full e-flex e-con e-child\" data-id=\"9d5d31f\" data-element_type=\"container\" data-e-type=\"container\">\n\t\t\t\t<div class=\"elementor-element elementor-element-e5edce5 elementor-invisible elementor-widget elementor-widget-image\" data-id=\"e5edce5\" data-element_type=\"widget\" data-e-type=\"widget\" data-settings=\"{&quot;_animation&quot;:&quot;fadeIn&quot;}\" data-widget_type=\"image.default\">\n\t\t\t\t<div class=\"elementor-widget-container\">\n\t\t\t\t\t\t\t\t\t\t\t\t\t\t\t<img fetchpriority=\"high\" decoding=\"async\" width=\"520\" height=\"672\" src=\"https:\/\/alfamedicalteam.com\/wp-content\/uploads\/2024\/04\/Alfa-Medical-Team-Korporatna-ponuka-Lekaren-pod-vlastnou-znackou.jpg\" class=\"attachment-large size-large wp-image-18349\" alt=\"\" srcset=\"https:\/\/alfamedicalteam.com\/wp-content\/uploads\/2024\/04\/Alfa-Medical-Team-Korporatna-ponuka-Lekaren-pod-vlastnou-znackou.jpg 520w, https:\/\/alfamedicalteam.com\/wp-content\/uploads\/2024\/04\/Alfa-Medical-Team-Korporatna-ponuka-Lekaren-pod-vlastnou-znackou-232x300.jpg 232w\" sizes=\"(max-width: 520px) 100vw, 520px\" \/>\t\t\t\t\t\t\t\t\t\t\t\t\t\t\t<\/div>\n\t\t\t\t<\/div>\n\t\t\t\t<\/div>\n\t\t<div class=\"elementor-element elementor-element-0b2ed0e e-flex e-con-boxed elementor-invisible e-con e-child\" data-id=\"0b2ed0e\" data-element_type=\"container\" data-e-type=\"container\" data-settings=\"{&quot;animation&quot;:&quot;fadeInRight&quot;,&quot;animation_mobile&quot;:&quot;fadeInUp&quot;}\">\n\t\t\t\t\t<div class=\"e-con-inner\">\n\t\t\t\t<div class=\"elementor-element elementor-element-a6e5eac elementor-view-stacked elementor-shape-circle elementor-widget elementor-widget-icon\" data-id=\"a6e5eac\" data-element_type=\"widget\" data-e-type=\"widget\" data-widget_type=\"icon.default\">\n\t\t\t\t<div class=\"elementor-widget-container\">\n\t\t\t\t\t\t\t<div class=\"elementor-icon-wrapper\">\n\t\t\t<div class=\"elementor-icon\">\n\t\t\t<svg xmlns=\"http:\/\/www.w3.org\/2000\/svg\" id=\"Capa_1\" height=\"512\" viewBox=\"0 0 511.986 511.986\" width=\"512\"><g><path d=\"m185.08 114.947c1.405 7.504 8.849 13.422 17.63 11.78 8.526-1.78 13.375-9.955 11.78-17.64-1.873-8.936-10.699-13.914-19.061-11.42-7.469 2.229-11.887 9.942-10.349 17.28z\"><\/path><path d=\"m508.225 324.453c-81.619-237.586-76.004-221.308-76.353-222.117-8.496-19.663-24.988-34.949-45.249-41.94-2.901-1.001-167.187-39.431-171.935-41.075-14.561-5.043-34.791-2.216-48.993 10.846l-140.789 129.549c-15.828 14.558-24.906 35.282-24.906 56.86v229.41c0 27.035 21.877 49.03 48.768 49.03h301.205c26.891 0 48.768-21.995 48.768-49.03v-22.174l83.955-35.93c24.409-10.563 35.764-38.912 25.529-63.429zm-158.252 140.563h-301.205c-10.349 0-18.768-8.537-18.768-19.03v-229.41c0-13.209 5.546-25.887 15.217-34.782 120.62-110.988 46.064-41.76 141.269-129.559 4.965-4.576 11.82-6.414 18.619-4.364 6.077 1.815-4.646-6.919 148.421 133.925 9.669 8.894 15.215 21.571 15.215 34.78v229.41c-.001 10.493-8.42 19.03-18.768 19.03zm120.864-104.691-72.097 30.855v-174.604c0-21.578-9.078-42.302-24.904-56.858l-104.848-96.477 108.503 25.746c11.844 4.287 21.498 13.261 26.626 24.757 81.464 237.133 75.969 221.217 76.326 222.038 4.096 9.468-.238 20.489-9.606 24.543z\"><\/path><path d=\"m241.959 202.297c-7.637-3.206-16.43.39-19.636 8.028l-73.023 174.04c-4.166 9.929 3.193 20.808 13.825 20.808 5.861 0 11.429-3.457 13.839-9.2l73.023-174.04c3.205-7.64-.389-16.431-8.028-19.636z\"><\/path><path d=\"m171.659 245.52c0-28.95-21.203-52.503-47.266-52.503s-47.265 23.553-47.265 52.503 21.203 52.503 47.266 52.503 47.265-23.553 47.265-52.503zm-47.265 22.503c-9.359 0-17.266-10.305-17.266-22.503s7.906-22.503 17.266-22.503 17.266 10.305 17.266 22.503c-.001 12.198-7.907 22.503-17.266 22.503z\"><\/path><path d=\"m275.751 312.011c-26.063 0-47.266 23.553-47.266 52.503s21.203 52.503 47.266 52.503 47.266-23.553 47.266-52.503-21.204-52.503-47.266-52.503zm0 75.006c-9.359 0-17.266-10.305-17.266-22.503s7.906-22.503 17.266-22.503 17.266 10.305 17.266 22.503-7.907 22.503-17.266 22.503z\"><\/path><\/g><\/svg>\t\t\t<\/div>\n\t\t<\/div>\n\t\t\t\t\t\t<\/div>\n\t\t\t\t<\/div>\n\t\t\t\t<div class=\"elementor-element elementor-element-80d0d6d elementor-widget elementor-widget-heading\" data-id=\"80d0d6d\" data-element_type=\"widget\" data-e-type=\"widget\" data-widget_type=\"heading.default\">\n\t\t\t\t<div class=\"elementor-widget-container\">\n\t\t\t\t\t<h2 class=\"elementor-heading-title elementor-size-default\">Apotheke unter eigener Marke<\/h2>\t\t\t\t<\/div>\n\t\t\t\t<\/div>\n\t\t\t\t<div class=\"elementor-element elementor-element-812ccc1 elementor-widget elementor-widget-text-editor\" data-id=\"812ccc1\" data-element_type=\"widget\" data-e-type=\"widget\" data-widget_type=\"text-editor.default\">\n\t\t\t\t<div class=\"elementor-widget-container\">\n\t\t\t\t\t\t\t\t\t<p>Mehr als 90 000 Mitarbeiter slowakischer Unternehmen erhalten jeden Monat unser Angebot an verg\u00fcnstigten Arzneimitteln in ihren Briefk\u00e4sten <a style=\"text-align: var(--text-align);\" href=\"\/wp-content\/uploads\/2024\/04\/AMT_letak_PROMO_2702.pdf\" target=\"_blank\" rel=\"noopener\">Rabattbrosch\u00fcre f\u00fcr Mitarbeiter<\/a><\/p>\n\t\t\t\t\t\t\t\t<\/div>\n\t\t\t\t<\/div>\n\t\t\t\t<div class=\"elementor-element elementor-element-4c82769 elementor-widget elementor-widget-text-editor\" data-id=\"4c82769\" data-element_type=\"widget\" data-e-type=\"widget\" data-widget_type=\"text-editor.default\">\n\t\t\t\t<div class=\"elementor-widget-container\">\n\t\t\t\t\t\t\t\t\t<p><a href=\"https:\/\/alfamedicalteam.com\/wp-content\/uploads\/2021\/02\/AMT-korporatna-ponuka.pdf\" target=\"_blank\" rel=\"noopener\">Weitere Informationen \u00fcber das Unternehmensangebot<\/a><\/p>\n\t\t\t\t\t\t\t\t<\/div>\n\t\t\t\t<\/div>\n\t\t\t\t\t<\/div>\n\t\t\t\t<\/div>\n\t\t\t\t\t<\/div>\n\t\t\t\t<\/div>\n\t\t<div class=\"elementor-element elementor-element-49a2cf1 e-flex e-con-boxed e-con e-child\" data-id=\"49a2cf1\" data-element_type=\"container\" data-e-type=\"container\" data-settings=\"{&quot;background_background&quot;:&quot;classic&quot;}\">\n\t\t\t\t\t<div class=\"e-con-inner\">\n\t\t<div class=\"elementor-element elementor-element-e5cabce e-flex e-con-boxed elementor-invisible e-con e-child\" data-id=\"e5cabce\" data-element_type=\"container\" data-e-type=\"container\" data-settings=\"{&quot;animation&quot;:&quot;fadeInLeft&quot;,&quot;animation_mobile&quot;:&quot;fadeInUp&quot;}\">\n\t\t\t\t\t<div class=\"e-con-inner\">\n\t\t\t\t<div class=\"elementor-element elementor-element-0a58c11 elementor-view-stacked elementor-shape-circle elementor-widget elementor-widget-icon\" data-id=\"0a58c11\" data-element_type=\"widget\" data-e-type=\"widget\" data-widget_type=\"icon.default\">\n\t\t\t\t<div class=\"elementor-widget-container\">\n\t\t\t\t\t\t\t<div class=\"elementor-icon-wrapper\">\n\t\t\t<div class=\"elementor-icon\">\n\t\t\t<svg xmlns=\"http:\/\/www.w3.org\/2000\/svg\" id=\"Layer_1\" height=\"512\" viewBox=\"0 0 512.047 512.047\" width=\"512\"><path d=\"m462.72 310.834c54.112-70.68 49.371-169.838 49.12-174.377-.42-7.634-6.516-13.729-14.15-14.151-2.285-.125-34.654-1.704-75.156 6.539-7.986-41.028-21.984-70.505-22.648-71.891-3.311-6.892-11.277-10.191-18.489-7.658-1.449.509-32.174 11.447-66.819 34.798-22.723-34.315-46.647-56.045-48.547-57.745-5.695-5.102-14.316-5.101-20.012 0-1.899 1.7-25.826 23.431-48.55 57.746-34.646-23.351-65.37-34.29-66.819-34.799-7.214-2.533-15.18.767-18.489 7.658-.666 1.386-14.662 30.861-22.649 71.889-40.5-8.243-72.866-6.665-75.152-6.539-7.634.421-13.729 6.517-14.151 14.151-.25 4.539-4.994 103.694 49.12 174.377-40.25 23.453-49.306 49.038-49.306 67.291 0 32.298 28.417 61.452 80.017 82.093 47.248 18.899 109.747 29.308 175.983 29.308s128.734-10.408 175.983-29.308c51.6-20.641 80.017-49.795 80.017-82.093 0-18.252-9.056-43.835-49.303-67.289zm-36.672-3.529c-39.026 39.023-97.147 50.984-134.102 54.529 26.662-31.843 64.224-88.352 64.224-154.01 0-7.347-.481-14.576-1.354-21.672 45.508-28.123 101.379-33.173 127.074-33.902-.9 31.315-8.206 107.419-55.842 155.055zm-47.777-224.322c4.524 11.825 10.892 30.809 15.144 53.295-14.945 4.644-30.255 10.786-45.021 18.892-4.702-16.184-11.188-31.36-18.478-45.221 18.895-12.881 36.807-21.808 48.355-26.966zm-122.231-24.304c18.699 19.75 57.888 66.804 67.805 123.178.012.056.019.112.03.167 1.471 8.414 2.295 17.033 2.295 25.801 0 67.385-48.666 126.375-70.164 149.143-21.509-22.715-70.133-81.55-70.133-149.143 0-67.392 48.676-126.387 70.167-149.146zm-122.269 24.305c11.552 5.158 29.463 14.086 48.355 26.965-7.289 13.859-13.774 29.035-18.477 45.219-14.767-8.105-30.076-14.248-45.022-18.892 4.254-22.488 10.621-41.47 15.144-53.292zm23.457 103.164c-.873 7.098-1.354 14.327-1.354 21.676 0 65.694 37.604 122.229 64.271 154.062-36.91-3.5-94.987-15.422-134.145-54.58-47.643-47.643-54.945-123.754-55.844-155.057 25.703.73 81.565 5.781 127.072 33.899zm263.637 246.213c-43.789 17.516-102.331 27.162-164.842 27.162s-121.053-9.646-164.842-27.162c-38.295-15.318-61.158-35.594-61.158-54.238 0-14.89 14.477-30.834 40.082-44.514 59.756 54.896 148.171 59.697 177.248 59.697h17.34c29.082 0 117.49-4.807 177.247-59.696 25.606 13.681 40.083 29.625 40.083 44.513 0 18.644-22.863 38.92-61.158 54.238z\"><\/path><\/svg>\t\t\t<\/div>\n\t\t<\/div>\n\t\t\t\t\t\t<\/div>\n\t\t\t\t<\/div>\n\t\t\t\t<div class=\"elementor-element elementor-element-66f0505 elementor-widget elementor-widget-heading\" data-id=\"66f0505\" data-element_type=\"widget\" data-e-type=\"widget\" data-widget_type=\"heading.default\">\n\t\t\t\t<div class=\"elementor-widget-container\">\n\t\t\t\t\t<h2 class=\"elementor-heading-title elementor-size-default\">Veranstaltungen f\u00fcr die Gesundheit<\/h2>\t\t\t\t<\/div>\n\t\t\t\t<\/div>\n\t\t\t\t<div class=\"elementor-element elementor-element-dcb76cb elementor-widget elementor-widget-text-editor\" data-id=\"dcb76cb\" data-element_type=\"widget\" data-e-type=\"widget\" data-widget_type=\"text-editor.default\">\n\t\t\t\t<div class=\"elementor-widget-container\">\n\t\t\t\t\t\t\t\t\t<p>Wir organisieren &#8222;Gesundheitstage&#8220; und \u00e4hnliche schl\u00fcsselfertige Veranstaltungen f\u00fcr Ihre Mitarbeiter, die der F\u00f6rderung der Gesundheit und der Erhaltung einer guten k\u00f6rperlichen und geistigen Verfassung dienen.<\/p>\n\t\t\t\t\t\t\t\t<\/div>\n\t\t\t\t<\/div>\n\t\t\t\t<div class=\"elementor-element elementor-element-1ec1734 elementor-widget elementor-widget-text-editor\" data-id=\"1ec1734\" data-element_type=\"widget\" data-e-type=\"widget\" data-widget_type=\"text-editor.default\">\n\t\t\t\t<div class=\"elementor-widget-container\">\n\t\t\t\t\t\t\t\t\t<p>Lernen Sie unseren erfolgreichsten Workshop <a href=\"https:\/\/alfamedicalteam.com\/wp-content\/uploads\/2018\/02\/AMT_Fit_nie_len_v_praci.pdf\" target=\"_blank\" rel=\"noopener\">Fit nicht nur<\/a> bei der Arbeit kennen und geben Sie ihn an Ihre Mitarbeiter weiter.<\/p>\n\t\t\t\t\t\t\t\t<\/div>\n\t\t\t\t<\/div>\n\t\t\t\t\t<\/div>\n\t\t\t\t<\/div>\n\t\t<div class=\"elementor-element elementor-element-3dad3b6 e-con-full e-flex e-con e-child\" data-id=\"3dad3b6\" data-element_type=\"container\" data-e-type=\"container\">\n\t\t\t\t<div class=\"elementor-element elementor-element-afa3cbb elementor-invisible elementor-widget elementor-widget-image\" data-id=\"afa3cbb\" data-element_type=\"widget\" data-e-type=\"widget\" data-settings=\"{&quot;_animation&quot;:&quot;fadeIn&quot;}\" data-widget_type=\"image.default\">\n\t\t\t\t<div class=\"elementor-widget-container\">\n\t\t\t\t\t\t\t\t\t\t\t\t\t\t\t<img decoding=\"async\" width=\"443\" height=\"547\" src=\"https:\/\/alfamedicalteam.com\/wp-content\/uploads\/2024\/04\/Alfa-Medical-Team-Korporatna-ponuka-Eventy-pre-zdravie.png\" class=\"attachment-large size-large wp-image-18345\" alt=\"\" srcset=\"https:\/\/alfamedicalteam.com\/wp-content\/uploads\/2024\/04\/Alfa-Medical-Team-Korporatna-ponuka-Eventy-pre-zdravie.png 443w, https:\/\/alfamedicalteam.com\/wp-content\/uploads\/2024\/04\/Alfa-Medical-Team-Korporatna-ponuka-Eventy-pre-zdravie-243x300.png 243w\" sizes=\"(max-width: 443px) 100vw, 443px\" \/>\t\t\t\t\t\t\t\t\t\t\t\t\t\t\t<\/div>\n\t\t\t\t<\/div>\n\t\t\t\t<\/div>\n\t\t\t\t\t<\/div>\n\t\t\t\t<\/div>\n\t\t<div class=\"elementor-element elementor-element-a4182de e-flex e-con-boxed e-con e-child\" data-id=\"a4182de\" data-element_type=\"container\" data-e-type=\"container\">\n\t\t\t\t\t<div class=\"e-con-inner\">\n\t\t<div class=\"elementor-element elementor-element-d776c4f e-con-full e-flex e-con e-child\" data-id=\"d776c4f\" data-element_type=\"container\" data-e-type=\"container\">\n\t\t\t\t<div class=\"elementor-element elementor-element-0aae24f elementor-invisible elementor-widget elementor-widget-image\" data-id=\"0aae24f\" data-element_type=\"widget\" data-e-type=\"widget\" data-settings=\"{&quot;_animation&quot;:&quot;fadeIn&quot;}\" data-widget_type=\"image.default\">\n\t\t\t\t<div class=\"elementor-widget-container\">\n\t\t\t\t\t\t\t\t\t\t\t\t\t\t\t<img decoding=\"async\" width=\"800\" height=\"600\" src=\"https:\/\/alfamedicalteam.com\/wp-content\/uploads\/2024\/04\/ae9cdc18-2bd5-4e07-bba3-dc86c1a8e297.webp\" class=\"attachment-large size-large wp-image-18075\" alt=\"\" srcset=\"https:\/\/alfamedicalteam.com\/wp-content\/uploads\/2024\/04\/ae9cdc18-2bd5-4e07-bba3-dc86c1a8e297.webp 1024w, https:\/\/alfamedicalteam.com\/wp-content\/uploads\/2024\/04\/ae9cdc18-2bd5-4e07-bba3-dc86c1a8e297-300x225.webp 300w, https:\/\/alfamedicalteam.com\/wp-content\/uploads\/2024\/04\/ae9cdc18-2bd5-4e07-bba3-dc86c1a8e297-768x576.webp 768w\" sizes=\"(max-width: 800px) 100vw, 800px\" \/>\t\t\t\t\t\t\t\t\t\t\t\t\t\t\t<\/div>\n\t\t\t\t<\/div>\n\t\t\t\t<\/div>\n\t\t<div class=\"elementor-element elementor-element-7633a35 e-flex e-con-boxed elementor-invisible e-con e-child\" data-id=\"7633a35\" data-element_type=\"container\" data-e-type=\"container\" data-settings=\"{&quot;animation&quot;:&quot;fadeInRight&quot;,&quot;animation_mobile&quot;:&quot;fadeInUp&quot;}\">\n\t\t\t\t\t<div class=\"e-con-inner\">\n\t\t\t\t<div class=\"elementor-element elementor-element-e18ad1a elementor-view-stacked elementor-shape-circle elementor-widget elementor-widget-icon\" data-id=\"e18ad1a\" data-element_type=\"widget\" data-e-type=\"widget\" data-widget_type=\"icon.default\">\n\t\t\t\t<div class=\"elementor-widget-container\">\n\t\t\t\t\t\t\t<div class=\"elementor-icon-wrapper\">\n\t\t\t<div class=\"elementor-icon\">\n\t\t\t<svg xmlns=\"http:\/\/www.w3.org\/2000\/svg\" xmlns:xlink=\"http:\/\/www.w3.org\/1999\/xlink\" id=\"Capa_1\" x=\"0px\" y=\"0px\" viewBox=\"0 0 512 512\" style=\"enable-background:new 0 0 512 512;\" xml:space=\"preserve\"><g>\t<g>\t\t<path d=\"M467,61c-24.813,0-45,20.187-45,45v17.58c-4.695-1.665-9.742-2.58-15-2.58c-24.813,0-45,20.187-45,45v47.584   c-6.118,2.153-11.861,5.661-16.752,10.533l-47.019,46.02c-0.039,0.038-0.077,0.075-0.114,0.113   c-18.199,18.199-32.421,39.484-42.271,63.263c-0.046,0.11-0.087,0.221-0.133,0.332c-9.91-23.446-24.408-45.177-42.825-63.594   l-46.068-46.068c-4.829-4.829-10.563-8.422-16.817-10.628V166c0-24.813-20.187-45-45-45c-5.258,0-10.305,0.915-15,2.58V106   c0-24.813-20.187-45-45-45S0,81.187,0,106v163.381c0,13.59,3.696,26.933,10.688,38.587l50.58,84.3   C80.441,424.223,91,461.418,91,497c0,8.284,6.716,15,15,15h150h150c8.284,0,15-6.716,15-15c0-35.582,10.559-72.777,29.732-104.732   l50.581-84.3C508.304,296.314,512,282.971,512,269.381V106C512,81.187,491.813,61,467,61z M90,166.001   C90,157.729,96.729,151,105,151s15,6.729,15,15v47.555c-6.254,2.206-11.988,5.799-16.817,10.628   c-3.717,3.717-6.646,7.926-8.789,12.42c-2.833-2.833-4.394-6.6-4.394-10.607C90,219.637,90,172.36,90,166.001z M241,482H120.468   c-2.552-36.229-14.213-73.063-33.475-105.167l-50.58-84.3C32.218,285.541,30,277.535,30,269.381V106c0-8.271,6.729-15,15-15   s15,6.729,15,15c0,5.155,0,115.153,0,119.995v0.037c0,0.012,0.002,0.023,0.002,0.035c0.019,11.993,4.696,23.265,13.178,31.748   l81.213,81.213c5.857,5.857,15.355,5.857,21.213,0c5.858-5.858,5.858-15.355,0-21.213l-51.211-51.211   c-5.847-5.847-5.847-15.361,0-21.208c5.866-5.865,15.342-5.866,21.209,0l46.068,46.068C223.021,322.813,241,365.338,241,408.136   V482z M392,166c0-8.271,6.729-15,15-15s15,6.729,15,15c0,6.348,0,53.636,0,59.995c0,4.007-1.56,7.774-4.393,10.607l-0.002,0.002   c-2.142-4.495-5.071-8.705-8.788-12.421c-4.906-4.906-10.672-8.438-16.817-10.6V166z M482,269.381L482,269.381   c0,8.154-2.218,16.16-6.413,23.152l-50.58,84.3c-19.262,32.104-30.923,68.938-33.476,105.167H271v-73.864   c0-44.049,17.142-85.46,48.274-116.619l47.007-46.009c0.038-0.037,0.077-0.075,0.114-0.113c5.848-5.848,15.361-5.848,21.209,0   c5.865,5.865,5.866,15.343,0,21.208l-51.211,51.211c-5.858,5.858-5.858,15.355,0,21.213c5.857,5.858,15.355,5.858,21.213,0   l81.214-81.213c8.479-8.48,13.156-19.748,13.178-31.737c0-0.013,0.002-0.026,0.002-0.04v-0.043c0-4.777,0-114.808,0-119.995   c0-8.271,6.729-15,15-15s15,6.729,15,15V269.381z\"><\/path>\t<\/g><\/g><g>\t<g>\t\t<path d=\"M307.923,0C287.282,0,269.362,9.451,256,27.354C242.638,9.451,224.718,0,204.077,0c-38.836,0-66.923,32.223-66.923,71.364   c0,50.049,47.178,81.371,109.022,134.971c2.819,2.444,6.321,3.665,9.824,3.665c3.502,0,7.005-1.222,9.824-3.665   c61.89-53.638,109.022-84.938,109.022-134.972C374.846,32.197,346.736,0,307.923,0z M256,175.216   c-54.562-46.593-88.846-71.392-88.846-103.852c0-23.582,15.873-41.364,36.923-41.364c27.376,0,37.083,32.668,37.486,34.07   c1.821,6.462,7.708,10.964,14.428,10.964c6.742,0,12.647-4.465,14.446-10.963C270.837,62.68,280.542,30,307.923,30   c21.05,0,36.923,17.782,36.923,41.364C344.846,103.837,310.532,128.646,256,175.216z\"><\/path>\t<\/g><\/g><g><\/g><g><\/g><g><\/g><g><\/g><g><\/g><g><\/g><g><\/g><g><\/g><g><\/g><g><\/g><g><\/g><g><\/g><g><\/g><g><\/g><g><\/g><\/svg>\t\t\t<\/div>\n\t\t<\/div>\n\t\t\t\t\t\t<\/div>\n\t\t\t\t<\/div>\n\t\t\t\t<div class=\"elementor-element elementor-element-b997298 elementor-widget elementor-widget-heading\" data-id=\"b997298\" data-element_type=\"widget\" data-e-type=\"widget\" data-widget_type=\"heading.default\">\n\t\t\t\t<div class=\"elementor-widget-container\">\n\t\t\t\t\t<h2 class=\"elementor-heading-title elementor-size-default\">Vorteile f\u00fcr die Gesundheit<\/h2>\t\t\t\t<\/div>\n\t\t\t\t<\/div>\n\t\t\t\t<div class=\"elementor-element elementor-element-1c4cbda elementor-widget elementor-widget-text-editor\" data-id=\"1c4cbda\" data-element_type=\"widget\" data-e-type=\"widget\" data-widget_type=\"text-editor.default\">\n\t\t\t\t<div class=\"elementor-widget-container\">\n\t\t\t\t\t\t\t\t\t<p>Wir bereiten f\u00fcr Ihre Mitarbeiter Apothekenprodukte mit Ihrer Marke (Nahrungserg\u00e4nzungsmittel, Medizinprodukte, Kosmetika), Gesundheitspackungen und Schutzausr\u00fcstung vor.<\/p>\n\t\t\t\t\t\t\t\t<\/div>\n\t\t\t\t<\/div>\n\t\t\t\t<div class=\"elementor-element elementor-element-870ca04 elementor-widget elementor-widget-text-editor\" data-id=\"870ca04\" data-element_type=\"widget\" data-e-type=\"widget\" data-widget_type=\"text-editor.default\">\n\t\t\t\t<div class=\"elementor-widget-container\">\n\t\t\t\t\t\t\t\t\t<p>Wir beraten Sie und stellen f\u00fcr Ihre Mitarbeiter Pakete f\u00fcr Weihnachten, Jubil\u00e4en und andere Anl\u00e4sse zusammen.<\/p>\n\t\t\t\t\t\t\t\t<\/div>\n\t\t\t\t<\/div>\n\t\t\t\t\t<\/div>\n\t\t\t\t<\/div>\n\t\t\t\t\t<\/div>\n\t\t\t\t<\/div>\n\t\t\t\t\t<\/div>\n\t\t\t\t<\/div>\n\t\t\t\t<\/div>\n\t\t","protected":false},"excerpt":{"rendered":"<p>Sozialleistungen und Verg\u00fcnstigungen sind f\u00fcr erfolgreiche Unternehmen ein wichtiges Instrument, um qualifizierte, verantwortungsbewusste und loyale Mitarbeiter zu gewinnen und zu halten.<\/p>\n","protected":false},"author":1,"featured_media":17768,"parent":0,"menu_order":0,"comment_status":"closed","ping_status":"closed","template":"","meta":{"footnotes":""},"class_list":["post-19645","page","type-page","status-publish","has-post-thumbnail","hentry"],"_links":{"self":[{"href":"https:\/\/alfamedicalteam.com\/de\/wp-json\/wp\/v2\/pages\/19645","targetHints":{"allow":["GET"]}}],"collection":[{"href":"https:\/\/alfamedicalteam.com\/de\/wp-json\/wp\/v2\/pages"}],"about":[{"href":"https:\/\/alfamedicalteam.com\/de\/wp-json\/wp\/v2\/types\/page"}],"author":[{"embeddable":true,"href":"https:\/\/alfamedicalteam.com\/de\/wp-json\/wp\/v2\/users\/1"}],"replies":[{"embeddable":true,"href":"https:\/\/alfamedicalteam.com\/de\/wp-json\/wp\/v2\/comments?post=19645"}],"version-history":[{"count":0,"href":"https:\/\/alfamedicalteam.com\/de\/wp-json\/wp\/v2\/pages\/19645\/revisions"}],"wp:featuredmedia":[{"embeddable":true,"href":"https:\/\/alfamedicalteam.com\/de\/wp-json\/wp\/v2\/media\/17768"}],"wp:attachment":[{"href":"https:\/\/alfamedicalteam.com\/de\/wp-json\/wp\/v2\/media?parent=19645"}],"curies":[{"name":"wp","href":"https:\/\/api.w.org\/{rel}","templated":true}]}}