{"id":19633,"date":"2024-04-05T10:07:47","date_gmt":"2024-04-05T08:07:47","guid":{"rendered":"https:\/\/alfamedicalteam.com\/kontakt\/"},"modified":"2024-05-02T23:53:30","modified_gmt":"2024-05-02T21:53:30","slug":"kontakt","status":"publish","type":"page","link":"https:\/\/alfamedicalteam.com\/de\/kontakt\/","title":{"rendered":"Kontakt"},"content":{"rendered":"\t\t<div data-elementor-type=\"wp-page\" data-elementor-id=\"19633\" class=\"elementor elementor-19633 elementor-28\" data-elementor-post-type=\"page\">\n\t\t\t\t<div class=\"elementor-element elementor-element-5f028c4 e-flex e-con-boxed e-con e-parent\" data-id=\"5f028c4\" data-element_type=\"container\" data-e-type=\"container\">\n\t\t\t\t\t<div class=\"e-con-inner\">\n\t\t<div class=\"elementor-element elementor-element-2dfe6d6 e-con-full e-flex e-con e-child\" data-id=\"2dfe6d6\" data-element_type=\"container\" data-e-type=\"container\">\n\t\t\t\t<div class=\"elementor-element elementor-element-897e57f elementor-widget elementor-widget-shortcode\" data-id=\"897e57f\" data-element_type=\"widget\" data-e-type=\"widget\" data-widget_type=\"shortcode.default\">\n\t\t\t\t<div class=\"elementor-widget-container\">\n\t\t\t\t\t\t\t<div class=\"elementor-shortcode\"><nav aria-label=\"breadcrumbs\" class=\"rank-math-breadcrumb\"><p><span class=\"last\">Startseite<\/span><\/p><\/nav><\/div>\n\t\t\t\t\t\t<\/div>\n\t\t\t\t<\/div>\n\t\t\t\t<div class=\"elementor-element elementor-element-ac17f58 elementor-widget elementor-widget-heading\" data-id=\"ac17f58\" data-element_type=\"widget\" data-e-type=\"widget\" data-widget_type=\"heading.default\">\n\t\t\t\t<div class=\"elementor-widget-container\">\n\t\t\t\t\t<h1 class=\"elementor-heading-title elementor-size-default\">Kontakt<\/h1>\t\t\t\t<\/div>\n\t\t\t\t<\/div>\n\t\t\t\t<\/div>\n\t\t\t\t\t<\/div>\n\t\t\t\t<\/div>\n\t\t<div class=\"elementor-element elementor-element-48e1523 e-flex e-con-boxed e-con e-parent\" data-id=\"48e1523\" data-element_type=\"container\" data-e-type=\"container\">\n\t\t\t\t\t<div class=\"e-con-inner\">\n\t\t<div class=\"elementor-element elementor-element-b7866f1 e-con-full e-flex e-con e-child\" data-id=\"b7866f1\" data-element_type=\"container\" data-e-type=\"container\">\n\t\t\t\t<div class=\"elementor-element elementor-element-4f3c6f6 elementor-widget elementor-widget-image\" data-id=\"4f3c6f6\" data-element_type=\"widget\" data-e-type=\"widget\" data-widget_type=\"image.default\">\n\t\t\t\t<div class=\"elementor-widget-container\">\n\t\t\t\t\t\t\t\t\t\t\t\t\t\t\t<img fetchpriority=\"high\" decoding=\"async\" width=\"800\" height=\"600\" src=\"https:\/\/alfamedicalteam.com\/wp-content\/uploads\/2024\/04\/alfa-medical-team-adresa.jpg\" class=\"attachment-large size-large wp-image-129\" alt=\"\" srcset=\"https:\/\/alfamedicalteam.com\/wp-content\/uploads\/2024\/04\/alfa-medical-team-adresa.jpg 943w, https:\/\/alfamedicalteam.com\/wp-content\/uploads\/2024\/04\/alfa-medical-team-adresa-300x225.jpg 300w, https:\/\/alfamedicalteam.com\/wp-content\/uploads\/2024\/04\/alfa-medical-team-adresa-768x576.jpg 768w\" sizes=\"(max-width: 800px) 100vw, 800px\" \/>\t\t\t\t\t\t\t\t\t\t\t\t\t\t\t<\/div>\n\t\t\t\t<\/div>\n\t\t\t\t<div class=\"elementor-element elementor-element-9215fcd elementor-widget elementor-widget-text-editor\" data-id=\"9215fcd\" data-element_type=\"widget\" data-e-type=\"widget\" data-widget_type=\"text-editor.default\">\n\t\t\t\t<div class=\"elementor-widget-container\">\n\t\t\t\t\t\t\t\t\t<p>Eingang von der Stra\u00dfe Priemyseln\u00e1<\/p>\n\t\t\t\t\t\t\t\t<\/div>\n\t\t\t\t<\/div>\n\t\t\t\t<\/div>\n\t\t<div class=\"elementor-element elementor-element-bc432ec e-con-full e-flex e-con e-child\" data-id=\"bc432ec\" data-element_type=\"container\" data-e-type=\"container\">\n\t\t\t\t<div class=\"elementor-element elementor-element-a1ee371 elementor-hidden-mobile elementor-widget elementor-widget-heading\" data-id=\"a1ee371\" data-element_type=\"widget\" data-e-type=\"widget\" data-widget_type=\"heading.default\">\n\t\t\t\t<div class=\"elementor-widget-container\">\n\t\t\t\t\t<h2 class=\"elementor-heading-title elementor-size-default\">Kontaktangaben<\/h2>\t\t\t\t<\/div>\n\t\t\t\t<\/div>\n\t\t<div class=\"elementor-element elementor-element-729cf8d e-flex e-con-boxed e-con e-child\" data-id=\"729cf8d\" data-element_type=\"container\" data-e-type=\"container\">\n\t\t\t\t\t<div class=\"e-con-inner\">\n\t\t\t\t<div class=\"elementor-element elementor-element-08fe3db elementor-widget elementor-widget-heading\" data-id=\"08fe3db\" data-element_type=\"widget\" data-e-type=\"widget\" data-widget_type=\"heading.default\">\n\t\t\t\t<div class=\"elementor-widget-container\">\n\t\t\t\t\t<p class=\"elementor-heading-title elementor-size-default\"><a href=\"mailto:info@alfamedicalteam.com\">info@alfamedicalteam.com<\/a><\/p>\t\t\t\t<\/div>\n\t\t\t\t<\/div>\n\t\t\t\t<div class=\"elementor-element elementor-element-dc42dd4 elementor-view-stacked icon-class elementor-shape-circle elementor-widget elementor-widget-icon\" data-id=\"dc42dd4\" data-element_type=\"widget\" data-e-type=\"widget\" data-widget_type=\"icon.default\">\n\t\t\t\t<div class=\"elementor-widget-container\">\n\t\t\t\t\t\t\t<div class=\"elementor-icon-wrapper\">\n\t\t\t<a class=\"elementor-icon elementor-animation-grow\" href=\"mailto:info@alfamedicalteam.com\" target=\"_blank\">\n\t\t\t<svg xmlns=\"http:\/\/www.w3.org\/2000\/svg\" xmlns:xlink=\"http:\/\/www.w3.org\/1999\/xlink\" id=\"Capa_1\" x=\"0px\" y=\"0px\" viewBox=\"0 0 512 512\" style=\"enable-background:new 0 0 512 512;\" xml:space=\"preserve\"><g>\t<g>\t\t<path d=\"M467,76H45C20.238,76,0,96.149,0,121v270c0,24.86,20.251,45,45,45h422c24.762,0,45-20.149,45-45V121   C512,96.143,491.752,76,467,76z M460.09,106c-14.549,14.597-185.445,186.05-192.466,193.094c-5.864,5.882-17.381,5.886-23.248,0   L51.91,106H460.09z M30,385.485v-258.97L159.065,256L30,385.485z M51.91,406l128.334-128.752l42.885,43.025   c17.574,17.631,48.175,17.624,65.743,0l42.885-43.024L460.09,406H51.91z M482,385.485L352.935,256L482,126.515V385.485z\"><\/path>\t<\/g><\/g><g><\/g><g><\/g><g><\/g><g><\/g><g><\/g><g><\/g><g><\/g><g><\/g><g><\/g><g><\/g><g><\/g><g><\/g><g><\/g><g><\/g><g><\/g><\/svg>\t\t\t<\/a>\n\t\t<\/div>\n\t\t\t\t\t\t<\/div>\n\t\t\t\t<\/div>\n\t\t\t\t\t<\/div>\n\t\t\t\t<\/div>\n\t\t<div class=\"elementor-element elementor-element-6a2d8b7 e-flex e-con-boxed e-con e-child\" data-id=\"6a2d8b7\" data-element_type=\"container\" data-e-type=\"container\">\n\t\t\t\t\t<div class=\"e-con-inner\">\n\t\t\t\t<div class=\"elementor-element elementor-element-7ed59f9 elementor-widget elementor-widget-heading\" data-id=\"7ed59f9\" data-element_type=\"widget\" data-e-type=\"widget\" data-widget_type=\"heading.default\">\n\t\t\t\t<div class=\"elementor-widget-container\">\n\t\t\t\t\t<p class=\"elementor-heading-title elementor-size-default\"><a href=\"tel:00421905813345\">+421 905 813 345<\/a><\/p>\t\t\t\t<\/div>\n\t\t\t\t<\/div>\n\t\t\t\t<div class=\"elementor-element elementor-element-e6a31de elementor-view-stacked icon-class elementor-shape-circle elementor-widget elementor-widget-icon\" data-id=\"e6a31de\" data-element_type=\"widget\" data-e-type=\"widget\" data-widget_type=\"icon.default\">\n\t\t\t\t<div class=\"elementor-widget-container\">\n\t\t\t\t\t\t\t<div class=\"elementor-icon-wrapper\">\n\t\t\t<a class=\"elementor-icon elementor-animation-grow\" href=\"tel:00421905813345\" target=\"_blank\">\n\t\t\t<svg xmlns=\"http:\/\/www.w3.org\/2000\/svg\" id=\"ICON\" height=\"512\" viewBox=\"0 0 32 32\" width=\"512\"><path d=\"m16.917 29.845c-.659 0-1.316-.162-1.908-.488-4.656-2.565-7.45-6.088-8.975-8.591-2.749-4.518-3.424-8.979-3.506-11.925-.04-1.413.696-2.754 1.921-3.499l1.996-1.215c.685-.417 1.491-.541 2.269-.352s1.437.67 1.854 1.355l1.56 2.562c.859 1.414.409 3.263-1.004 4.123l-1.286.783c-.387.236-.572.713-.441 1.135.424 1.368 1.018 2.685 1.765 3.914.745 1.224 1.641 2.355 2.661 3.361.32.316.82.373 1.215.133l1.287-.783c.684-.416 1.49-.542 2.269-.352s1.437.67 1.854 1.355l1.56 2.563c.859 1.413.409 3.262-1.004 4.122l-1.993 1.213c-.641.39-1.366.586-2.091.586zm-8.914-24.155c-.177 0-.356.047-.519.146l-1.996 1.215c-.612.373-.98 1.037-.96 1.734.074 2.705.693 6.798 3.215 10.941 1.397 2.296 3.96 5.526 8.23 7.879.618.34 1.382.318 1.995-.055l1.993-1.213c.471-.287.621-.903.334-1.374l-1.56-2.562c-.139-.228-.358-.389-.617-.452-.261-.065-.528-.021-.756.117l-1.288.784c-1.179.716-2.682.545-3.658-.418-1.137-1.121-2.135-2.381-2.966-3.746-.832-1.37-1.494-2.837-1.966-4.361-.405-1.305.134-2.718 1.312-3.436l1.286-.783c.471-.287.621-.904.334-1.375l-1.56-2.562c-.188-.309-.518-.48-.855-.48zm13.405 11.083c.245-1.584-.142-3.168-1.089-4.461-.947-1.292-2.342-2.139-3.926-2.384-.547-.083-1.057.291-1.141.836s.29 1.056.836 1.141c1.056.163 1.985.728 2.617 1.589.631.862.889 1.918.726 2.974-.084.546.29 1.057.836 1.141.052.008.103.012.153.012.485 0 .911-.353.987-.847zm3.612.722c1.105-5.402-2.391-10.696-7.793-11.801-.54-.111-1.069.238-1.18.779s.238 1.069.779 1.18c4.321.884 7.118 5.12 6.234 9.441-.111.541.238 1.069.779 1.18.067.014.135.021.201.021.465 0 .882-.326.979-.8zm3.919.802c1.547-7.563-3.348-14.975-10.91-16.521-.537-.114-1.069.238-1.18.779s.238 1.069.779 1.18c6.482 1.326 10.677 7.679 9.352 14.162-.111.541.238 1.069.779 1.18.067.014.135.021.201.021.465 0 .882-.326.979-.8z\"><\/path><\/svg>\t\t\t<\/a>\n\t\t<\/div>\n\t\t\t\t\t\t<\/div>\n\t\t\t\t<\/div>\n\t\t\t\t\t<\/div>\n\t\t\t\t<\/div>\n\t\t<div class=\"elementor-element elementor-element-6f00e1e e-flex e-con-boxed e-con e-child\" data-id=\"6f00e1e\" data-element_type=\"container\" data-e-type=\"container\">\n\t\t\t\t\t<div class=\"e-con-inner\">\n\t\t\t\t<div class=\"elementor-element elementor-element-86f3b81 elementor-widget elementor-widget-heading\" data-id=\"86f3b81\" data-element_type=\"widget\" data-e-type=\"widget\" data-widget_type=\"heading.default\">\n\t\t\t\t<div class=\"elementor-widget-container\">\n\t\t\t\t\t<p class=\"elementor-heading-title elementor-size-default\"><a href=\"https:\/\/www.google.com\/maps?q=Priemyseln%C3%A1+6+917+01+Trnava&#038;um=1&#038;ie=UTF-8&#038;sa=X&#038;ved=2ahUKEwj0jer44sf-AhXX8rsIHakMBVIQ_AUoAXoECAEQAw\" target=\"_blank\" rel=\"noopener\">Priemyseln\u00e1 6<br>\n917 01 Trnava<\/a><\/p>\t\t\t\t<\/div>\n\t\t\t\t<\/div>\n\t\t\t\t<div class=\"elementor-element elementor-element-536dff7 elementor-view-stacked icon-class elementor-shape-circle elementor-widget elementor-widget-icon\" data-id=\"536dff7\" data-element_type=\"widget\" data-e-type=\"widget\" data-widget_type=\"icon.default\">\n\t\t\t\t<div class=\"elementor-widget-container\">\n\t\t\t\t\t\t\t<div class=\"elementor-icon-wrapper\">\n\t\t\t<a class=\"elementor-icon elementor-animation-grow\" href=\"https:\/\/www.google.com\/maps?q=Priemyseln%C3%A1+6+917+01+Trnava&#038;um=1&#038;ie=UTF-8&#038;sa=X&#038;ved=2ahUKEwj0jer44sf-AhXX8rsIHakMBVIQ_AUoAXoECAEQAw\" target=\"_blank\" rel=\"noopener\">\n\t\t\t<svg xmlns=\"http:\/\/www.w3.org\/2000\/svg\" xmlns:xlink=\"http:\/\/www.w3.org\/1999\/xlink\" id=\"Capa_1\" x=\"0px\" y=\"0px\" viewBox=\"-223 25 512 512\" style=\"enable-background:new -223 25 512 512;\" xml:space=\"preserve\"><g>\t<g>\t\t<path d=\"M33,452c-17.1,0-33.5-8.2-43.9-21.8l-95.9-120c-0.1-0.1-0.2-0.2-0.3-0.4C-129.9,279.3-142,243.1-142,205   c0-96.5,78.5-175,175-175c96.5,0,175,78.5,175,175c0,38.1-12.1,74.3-34.9,104.8c-0.1,0.1-0.2,0.2-0.3,0.4l-95.9,120   C66.5,443.8,50.1,452,33,452z M-83.2,291.6l95.9,120c0.1,0.1,0.2,0.2,0.3,0.4c4.8,6.4,12.1,10,20,10c8,0,15.2-3.7,20-10   c0.1-0.1,0.2-0.2,0.3-0.4l95.9-120c18.8-25.2,28.8-55.1,28.8-86.6c0-80-65-145-145-145s-145,65-145,145   C-112,236.5-102.1,266.4-83.2,291.6z\"><\/path>\t<\/g>\t<g>\t\t<path d=\"M33,300c-52.4,0-95-42.6-95-95s42.6-95,95-95c52.4,0,95,42.6,95,95S85.4,300,33,300z M33,140c-35.8,0-65,29.2-65,65   s29.2,65,65,65c35.8,0,65-29.2,65-65S68.8,140,33,140z\"><\/path>\t<\/g>\t<g>\t\t<path d=\"M33,532c-45,0-87.6-8.9-119.8-25c-35.6-17.8-55.2-42.6-55.2-70c0-15.4,6.5-30.6,18.8-43.9c5.6-6.1,15.1-6.4,21.2-0.8   c6.1,5.6,6.4,15.1,0.8,21.2c-7.2,7.7-10.8,15.6-10.8,23.4c0,15.2,14.1,30.9,38.6,43.2C-45.3,494.2-7.5,502,33,502   s78.3-7.8,106.4-21.8c24.5-12.3,38.6-28,38.6-43.2c0-7.8-3.6-15.7-10.8-23.4c-5.6-6.1-5.3-15.6,0.8-21.2   c6.1-5.6,15.6-5.3,21.2,0.8c12.3,13.3,18.8,28.4,18.8,43.9c0,27.3-19.6,52.2-55.2,70C120.6,523.1,78,532,33,532z\"><\/path>\t<\/g><\/g><\/svg>\t\t\t<\/a>\n\t\t<\/div>\n\t\t\t\t\t\t<\/div>\n\t\t\t\t<\/div>\n\t\t\t\t\t<\/div>\n\t\t\t\t<\/div>\n\t\t<div class=\"elementor-element elementor-element-b13b6cc e-flex e-con-boxed e-con e-child\" data-id=\"b13b6cc\" data-element_type=\"container\" data-e-type=\"container\">\n\t\t\t\t\t<div class=\"e-con-inner\">\n\t\t\t\t<div class=\"elementor-element elementor-element-611df3e elementor-view-stacked icon-class elementor-shape-circle elementor-widget elementor-widget-icon\" data-id=\"611df3e\" data-element_type=\"widget\" data-e-type=\"widget\" data-widget_type=\"icon.default\">\n\t\t\t\t<div class=\"elementor-widget-container\">\n\t\t\t\t\t\t\t<div class=\"elementor-icon-wrapper\">\n\t\t\t<a class=\"elementor-icon elementor-animation-grow\" href=\"https:\/\/www.facebook.com\/profile.php?id=61550076273310\" target=\"_blank\" rel=\"noopener\">\n\t\t\t<svg aria-hidden=\"true\" class=\"e-font-icon-svg e-fab-facebook-f\" viewBox=\"0 0 320 512\" xmlns=\"http:\/\/www.w3.org\/2000\/svg\"><path d=\"M279.14 288l14.22-92.66h-88.91v-60.13c0-25.35 12.42-50.06 52.24-50.06h40.42V6.26S260.43 0 225.36 0c-73.22 0-121.08 44.38-121.08 124.72v70.62H22.89V288h81.39v224h100.17V288z\"><\/path><\/svg>\t\t\t<\/a>\n\t\t<\/div>\n\t\t\t\t\t\t<\/div>\n\t\t\t\t<\/div>\n\t\t\t\t<div class=\"elementor-element elementor-element-21b07f2 elementor-view-stacked icon-class elementor-shape-circle elementor-widget elementor-widget-icon\" data-id=\"21b07f2\" data-element_type=\"widget\" data-e-type=\"widget\" data-widget_type=\"icon.default\">\n\t\t\t\t<div class=\"elementor-widget-container\">\n\t\t\t\t\t\t\t<div class=\"elementor-icon-wrapper\">\n\t\t\t<a class=\"elementor-icon elementor-animation-grow\" href=\"https:\/\/www.instagram.com\/fitapoteka\/\" target=\"_blank\" rel=\"noopener\">\n\t\t\t<svg aria-hidden=\"true\" class=\"e-font-icon-svg e-fab-instagram\" viewBox=\"0 0 448 512\" xmlns=\"http:\/\/www.w3.org\/2000\/svg\"><path d=\"M224.1 141c-63.6 0-114.9 51.3-114.9 114.9s51.3 114.9 114.9 114.9S339 319.5 339 255.9 287.7 141 224.1 141zm0 189.6c-41.1 0-74.7-33.5-74.7-74.7s33.5-74.7 74.7-74.7 74.7 33.5 74.7 74.7-33.6 74.7-74.7 74.7zm146.4-194.3c0 14.9-12 26.8-26.8 26.8-14.9 0-26.8-12-26.8-26.8s12-26.8 26.8-26.8 26.8 12 26.8 26.8zm76.1 27.2c-1.7-35.9-9.9-67.7-36.2-93.9-26.2-26.2-58-34.4-93.9-36.2-37-2.1-147.9-2.1-184.9 0-35.8 1.7-67.6 9.9-93.9 36.1s-34.4 58-36.2 93.9c-2.1 37-2.1 147.9 0 184.9 1.7 35.9 9.9 67.7 36.2 93.9s58 34.4 93.9 36.2c37 2.1 147.9 2.1 184.9 0 35.9-1.7 67.7-9.9 93.9-36.2 26.2-26.2 34.4-58 36.2-93.9 2.1-37 2.1-147.8 0-184.8zM398.8 388c-7.8 19.6-22.9 34.7-42.6 42.6-29.5 11.7-99.5 9-132.1 9s-102.7 2.6-132.1-9c-19.6-7.8-34.7-22.9-42.6-42.6-11.7-29.5-9-99.5-9-132.1s-2.6-102.7 9-132.1c7.8-19.6 22.9-34.7 42.6-42.6 29.5-11.7 99.5-9 132.1-9s102.7-2.6 132.1 9c19.6 7.8 34.7 22.9 42.6 42.6 11.7 29.5 9 99.5 9 132.1s2.7 102.7-9 132.1z\"><\/path><\/svg>\t\t\t<\/a>\n\t\t<\/div>\n\t\t\t\t\t\t<\/div>\n\t\t\t\t<\/div>\n\t\t\t\t\t<\/div>\n\t\t\t\t<\/div>\n\t\t\t\t<\/div>\n\t\t<div class=\"elementor-element elementor-element-b5a1dd2 e-con-full e-flex e-con e-child\" data-id=\"b5a1dd2\" data-element_type=\"container\" data-e-type=\"container\">\n\t\t\t\t<div class=\"elementor-element elementor-element-f20ecbd elementor-widget elementor-widget-heading\" data-id=\"f20ecbd\" data-element_type=\"widget\" data-e-type=\"widget\" data-widget_type=\"heading.default\">\n\t\t\t\t<div class=\"elementor-widget-container\">\n\t\t\t\t\t<h2 class=\"elementor-heading-title elementor-size-default\">Informationen \u00fcber uns<\/h2>\t\t\t\t<\/div>\n\t\t\t\t<\/div>\n\t\t\t\t<div class=\"elementor-element elementor-element-7f51cc7 elementor-widget elementor-widget-text-editor\" data-id=\"7f51cc7\" data-element_type=\"widget\" data-e-type=\"widget\" data-widget_type=\"text-editor.default\">\n\t\t\t\t<div class=\"elementor-widget-container\">\n\t\t\t\t\t\t\t\t\t<p><b>Name des Unternehmens<\/b>: Alfa Medical Team, s.r.o.<br \/><b>Hauptsitz<\/b>: Priemyseln\u00e1 6, 917 01 Trnava<br \/><b>Firmen-Identifikationsnummer<\/b>: 46 841 148<br \/><b>Umsatzsteuer-Identifikationsnummer<\/b>: SK2023743381<\/p>\n\t\t\t\t\t\t\t\t<\/div>\n\t\t\t\t<\/div>\n\t\t\t\t<\/div>\n\t\t\t\t\t<\/div>\n\t\t\t\t<\/div>\n\t\t<div class=\"elementor-element elementor-element-baa2d38 e-flex e-con-boxed e-con e-parent\" data-id=\"baa2d38\" data-element_type=\"container\" data-e-type=\"container\">\n\t\t\t\t\t<div class=\"e-con-inner\">\n\t\t<div class=\"elementor-element elementor-element-452b16a e-flex e-con-boxed e-con e-child\" data-id=\"452b16a\" data-element_type=\"container\" data-e-type=\"container\">\n\t\t\t\t\t<div class=\"e-con-inner\">\n\t\t\t\t<div class=\"elementor-element elementor-element-0b5515f elementor-widget elementor-widget-heading\" data-id=\"0b5515f\" data-element_type=\"widget\" data-e-type=\"widget\" data-widget_type=\"heading.default\">\n\t\t\t\t<div class=\"elementor-widget-container\">\n\t\t\t\t\t<h3 class=\"elementor-heading-title elementor-size-default\">Wo Sie uns finden<\/h3>\t\t\t\t<\/div>\n\t\t\t\t<\/div>\n\t\t\t\t<div class=\"elementor-element elementor-element-4e9a0d9 elementor-widget elementor-widget-google_maps\" data-id=\"4e9a0d9\" data-element_type=\"widget\" data-e-type=\"widget\" data-widget_type=\"google_maps.default\">\n\t\t\t\t<div class=\"elementor-widget-container\">\n\t\t\t\t\t\t\t<div class=\"elementor-custom-embed\">\n\t\t\t<iframe loading=\"lazy\"\n\t\t\t\t\tsrc=\"https:\/\/maps.google.com\/maps?q=Priemyseln%C3%A1%206%2C%20Trnava&#038;t=m&#038;z=15&#038;output=embed&#038;iwloc=near\"\n\t\t\t\t\ttitle=\"Priemyseln\u00e1 6, Trnava\"\n\t\t\t\t\taria-label=\"Priemyseln\u00e1 6, Trnava\"\n\t\t\t><\/iframe>\n\t\t<\/div>\n\t\t\t\t\t\t<\/div>\n\t\t\t\t<\/div>\n\t\t\t\t\t<\/div>\n\t\t\t\t<\/div>\n\t\t\t\t\t<\/div>\n\t\t\t\t<\/div>\n\t\t\t\t<\/div>\n\t\t","protected":false},"excerpt":{"rendered":"<p>Kontakt Eingang von der Stra\u00dfe Priemyseln\u00e1 Kontaktangaben info@alfamedicalteam.com +421 905 813 345 Priemyseln\u00e1 6 917 01 Trnava Informationen \u00fcber uns Name des Unternehmens: Alfa Medical Team, s.r.o.Hauptsitz: Priemyseln\u00e1 6, 917 01 TrnavaFirmen-Identifikationsnummer: 46 841 148Umsatzsteuer-Identifikationsnummer: SK2023743381 Wo Sie uns finden<\/p>\n","protected":false},"author":1,"featured_media":0,"parent":0,"menu_order":0,"comment_status":"closed","ping_status":"closed","template":"","meta":{"footnotes":""},"class_list":["post-19633","page","type-page","status-publish","hentry"],"_links":{"self":[{"href":"https:\/\/alfamedicalteam.com\/de\/wp-json\/wp\/v2\/pages\/19633","targetHints":{"allow":["GET"]}}],"collection":[{"href":"https:\/\/alfamedicalteam.com\/de\/wp-json\/wp\/v2\/pages"}],"about":[{"href":"https:\/\/alfamedicalteam.com\/de\/wp-json\/wp\/v2\/types\/page"}],"author":[{"embeddable":true,"href":"https:\/\/alfamedicalteam.com\/de\/wp-json\/wp\/v2\/users\/1"}],"replies":[{"embeddable":true,"href":"https:\/\/alfamedicalteam.com\/de\/wp-json\/wp\/v2\/comments?post=19633"}],"version-history":[{"count":0,"href":"https:\/\/alfamedicalteam.com\/de\/wp-json\/wp\/v2\/pages\/19633\/revisions"}],"wp:attachment":[{"href":"https:\/\/alfamedicalteam.com\/de\/wp-json\/wp\/v2\/media?parent=19633"}],"curies":[{"name":"wp","href":"https:\/\/api.w.org\/{rel}","templated":true}]}}